{"id":3792,"date":"2023-08-08T11:03:04","date_gmt":"2023-08-08T11:03:04","guid":{"rendered":"https:\/\/cleanroom.si\/produktsysteme\/"},"modified":"2025-05-06T11:56:52","modified_gmt":"2025-05-06T11:56:52","slug":"produktsysteme","status":"publish","type":"page","link":"https:\/\/cleanroom.si\/de\/produktsysteme\/","title":{"rendered":"Produktsysteme"},"content":{"rendered":"\t\t<div data-elementor-type=\"wp-page\" data-elementor-id=\"3792\" class=\"elementor elementor-3792 elementor-40\">\n\t\t\t\t\t\t<section class=\"elementor-section elementor-top-section elementor-element elementor-element-21f9ec05 elementor-section-height-min-height elementor-section-content-middle elementor-section-stretched elementor-section-boxed elementor-section-height-default elementor-section-items-middle\" data-id=\"21f9ec05\" data-element_type=\"section\" data-settings=\"{&quot;background_background&quot;:&quot;classic&quot;,&quot;stretch_section&quot;:&quot;section-stretched&quot;,&quot;shape_divider_top&quot;:&quot;tilt&quot;,&quot;shape_divider_bottom&quot;:&quot;tilt&quot;,&quot;animation&quot;:&quot;none&quot;,&quot;animation_delay&quot;:133}\">\n\t\t\t\t\t\t\t<div class=\"elementor-background-overlay\"><\/div>\n\t\t\t\t\t\t<div class=\"elementor-shape elementor-shape-top\" data-negative=\"false\">\n\t\t\t<svg xmlns=\"http:\/\/www.w3.org\/2000\/svg\" viewBox=\"0 0 1000 100\" preserveAspectRatio=\"none\">\n\t<path class=\"elementor-shape-fill\" d=\"M0,6V0h1000v100L0,6z\"\/>\n<\/svg>\t\t<\/div>\n\t\t\t\t<div class=\"elementor-shape elementor-shape-bottom\" data-negative=\"false\">\n\t\t\t<svg xmlns=\"http:\/\/www.w3.org\/2000\/svg\" viewBox=\"0 0 1000 100\" preserveAspectRatio=\"none\">\n\t<path class=\"elementor-shape-fill\" d=\"M0,6V0h1000v100L0,6z\"\/>\n<\/svg>\t\t<\/div>\n\t\t\t\t\t<div class=\"elementor-container elementor-column-gap-default\">\n\t\t\t\t\t<div class=\"elementor-column elementor-col-100 elementor-top-column elementor-element elementor-element-44bef6a0\" data-id=\"44bef6a0\" data-element_type=\"column\">\n\t\t\t<div class=\"elementor-widget-wrap elementor-element-populated\">\n\t\t\t\t\t\t<div class=\"elementor-element elementor-element-40cc634e elementor-widget elementor-widget-heading\" data-id=\"40cc634e\" data-element_type=\"widget\" data-widget_type=\"heading.default\">\n\t\t\t\t<div class=\"elementor-widget-container\">\n\t\t\t<h5 class=\"elementor-heading-title elementor-size-default\">KARBA MGE REINRAUM<\/h5>\t\t<\/div>\n\t\t\t\t<\/div>\n\t\t\t\t<div class=\"elementor-element elementor-element-51274603 elementor-widget elementor-widget-heading\" data-id=\"51274603\" data-element_type=\"widget\" data-widget_type=\"heading.default\">\n\t\t\t\t<div class=\"elementor-widget-container\">\n\t\t\t<h2 class=\"elementor-heading-title elementor-size-default\">Produktsysteme<\/h2>\t\t<\/div>\n\t\t\t\t<\/div>\n\t\t\t\t<div class=\"elementor-element elementor-element-462675e2 elementor-widget-divider--view-line elementor-widget elementor-widget-divider\" data-id=\"462675e2\" data-element_type=\"widget\" data-widget_type=\"divider.default\">\n\t\t\t\t<div class=\"elementor-widget-container\">\n\t\t\t\t\t<div class=\"elementor-divider\">\n\t\t\t<span class=\"elementor-divider-separator\">\n\t\t\t\t\t\t<\/span>\n\t\t<\/div>\n\t\t\t\t<\/div>\n\t\t\t\t<\/div>\n\t\t\t\t\t<\/div>\n\t\t<\/div>\n\t\t\t\t\t<\/div>\n\t\t<\/section>\n\t\t\t\t<section class=\"elementor-section elementor-top-section elementor-element elementor-element-5abf641e elementor-section-content-middle elementor-section-boxed elementor-section-height-default elementor-section-height-default\" data-id=\"5abf641e\" data-element_type=\"section\">\n\t\t\t\t\t\t\t<div class=\"elementor-background-overlay\"><\/div>\n\t\t\t\t\t\t\t<div class=\"elementor-container elementor-column-gap-no\">\n\t\t\t\t\t<div class=\"elementor-column elementor-col-100 elementor-top-column elementor-element elementor-element-53337532\" data-id=\"53337532\" data-element_type=\"column\">\n\t\t\t<div class=\"elementor-widget-wrap elementor-element-populated\">\n\t\t\t\t\t\t<div class=\"elementor-element elementor-element-769e1c31 elementor-view-default elementor-position-top elementor-mobile-position-top elementor-widget elementor-widget-icon-box\" data-id=\"769e1c31\" data-element_type=\"widget\" data-widget_type=\"icon-box.default\">\n\t\t\t\t<div class=\"elementor-widget-container\">\n\t\t\t\t\t<div class=\"elementor-icon-box-wrapper\">\n\n\t\t\t\t\t\t<div class=\"elementor-icon-box-icon\">\n\t\t\t\t<span  class=\"elementor-icon elementor-animation-\">\n\t\t\t\t<i aria-hidden=\"true\" class=\"fas fa-th\"><\/i>\t\t\t\t<\/span>\n\t\t\t<\/div>\n\t\t\t\n\t\t\t\t\t\t<div class=\"elementor-icon-box-content\">\n\n\t\t\t\t\t\t\t\t\t<h4 class=\"elementor-icon-box-title\">\n\t\t\t\t\t\t<span  >\n\t\t\t\t\t\t\tProduktsysteme\t\t\t\t\t\t<\/span>\n\t\t\t\t\t<\/h4>\n\t\t\t\t\n\t\t\t\t\t\t\t\t\t<p class=\"elementor-icon-box-description\">\n\t\t\t\t\t\tProduktsysteme f\u00fcr h\u00f6chste industrielle Effizienz\t\t\t\t\t<\/p>\n\t\t\t\t\n\t\t\t<\/div>\n\t\t\t\n\t\t<\/div>\n\t\t\t\t<\/div>\n\t\t\t\t<\/div>\n\t\t\t\t<div class=\"elementor-element elementor-element-619d8a19 elementor-widget elementor-widget-text-editor\" data-id=\"619d8a19\" data-element_type=\"widget\" data-widget_type=\"text-editor.default\">\n\t\t\t\t<div class=\"elementor-widget-container\">\n\t\t\t\t\t\t\t<p>Bei KARBA mge d.o.o. verstehen wir, dass jeder Industriearbeitsplatz einzigartig ist und besondere Aufmerksamkeit bei der Auswahl der richtigen Materialien und Systeme erfordert. Unsere Produkt\u00adsysteme sind darauf ausgelegt, flexible und effiziente L\u00f6sungen f\u00fcr verschiedenste Anforderungen und Anwendungen zu bieten. Von Reinr\u00e4umen bis hin zu Produktionsst\u00e4tten vereinen unsere Systeme Innovation, Qualit\u00e4t und \u00c4sthetik, um optimale Leistung und langfristige Zuverl\u00e4ssigkeit zu gew\u00e4hrleisten.<\/p>\n\t\t\t\t\t\t<\/div>\n\t\t\t\t<\/div>\n\t\t\t\t\t<\/div>\n\t\t<\/div>\n\t\t\t\t\t<\/div>\n\t\t<\/section>\n\t\t\t\t<section class=\"elementor-section elementor-top-section elementor-element elementor-element-2c7447b7 elementor-section-content-middle elementor-section-stretched elementor-section-boxed elementor-section-height-default elementor-section-height-default\" data-id=\"2c7447b7\" data-element_type=\"section\" data-settings=\"{&quot;stretch_section&quot;:&quot;section-stretched&quot;,&quot;background_background&quot;:&quot;classic&quot;}\">\n\t\t\t\t\t\t<div class=\"elementor-container elementor-column-gap-no\">\n\t\t\t\t\t<div class=\"elementor-column elementor-col-100 elementor-top-column elementor-element elementor-element-4411b691\" data-id=\"4411b691\" data-element_type=\"column\">\n\t\t\t<div class=\"elementor-widget-wrap elementor-element-populated\">\n\t\t\t\t\t\t<section class=\"elementor-section elementor-inner-section elementor-element elementor-element-4080f81f elementor-section-boxed elementor-section-height-default elementor-section-height-default\" data-id=\"4080f81f\" data-element_type=\"section\">\n\t\t\t\t\t\t<div class=\"elementor-container elementor-column-gap-default\">\n\t\t\t\t\t<div class=\"elementor-column elementor-col-50 elementor-inner-column elementor-element elementor-element-73d76f8b\" data-id=\"73d76f8b\" data-element_type=\"column\">\n\t\t\t<div class=\"elementor-widget-wrap elementor-element-populated\">\n\t\t\t\t\t\t<div class=\"elementor-element elementor-element-62108316 elementor-widget elementor-widget-heading\" data-id=\"62108316\" data-element_type=\"widget\" data-widget_type=\"heading.default\">\n\t\t\t\t<div class=\"elementor-widget-container\">\n\t\t\t<h2 class=\"elementor-heading-title elementor-size-default\">HPL-Panelsysteme<\/h2>\t\t<\/div>\n\t\t\t\t<\/div>\n\t\t\t\t<div class=\"elementor-element elementor-element-76e949fa elementor-widget elementor-widget-text-editor\" data-id=\"76e949fa\" data-element_type=\"widget\" data-widget_type=\"text-editor.default\">\n\t\t\t\t<div class=\"elementor-widget-container\">\n\t\t\t\t\t\t\t<p>HPL (High-Pressure Laminate)-Panelsysteme sind bekannt f\u00fcr ihre Robustheit, Verschlei\u00dffestigkeit und ihr \u00e4sthetisches Erscheinungsbild. Diese Systeme sind ideal f\u00fcr den Einsatz in anspruchsvollen Umgebungen, in denen ein hoher Hygienestandard und Reinheit erforderlich sind.<\/p>\n\t\t\t\t\t\t<\/div>\n\t\t\t\t<\/div>\n\t\t\t\t\t<\/div>\n\t\t<\/div>\n\t\t\t\t<div class=\"elementor-column elementor-col-50 elementor-inner-column elementor-element elementor-element-52483985\" data-id=\"52483985\" data-element_type=\"column\">\n\t\t\t<div class=\"elementor-widget-wrap elementor-element-populated\">\n\t\t\t\t\t\t<div class=\"elementor-element elementor-element-62b7133 elementor-widget elementor-widget-heading\" data-id=\"62b7133\" data-element_type=\"widget\" data-widget_type=\"heading.default\">\n\t\t\t\t<div class=\"elementor-widget-container\">\n\t\t\t<h2 class=\"elementor-heading-title elementor-size-default\">Alu-Panelsysteme<\/h2>\t\t<\/div>\n\t\t\t\t<\/div>\n\t\t\t\t<div class=\"elementor-element elementor-element-742beb22 elementor-widget elementor-widget-text-editor\" data-id=\"742beb22\" data-element_type=\"widget\" data-widget_type=\"text-editor.default\">\n\t\t\t\t<div class=\"elementor-widget-container\">\n\t\t\t\t\t\t\t<p>Aluminium-Panelsysteme bieten eine leichte, aber robuste L\u00f6sung f\u00fcr verschiedene industrielle Anwendungen. Ihre Flexibilit\u00e4t und Korrosionsbest\u00e4ndigkeit machen sie ideal f\u00fcr ein breites Einsatzspektrum \u2013 von Laboren bis hin zu Produktionslinien.<\/p>\n\t\t\t\t\t\t<\/div>\n\t\t\t\t<\/div>\n\t\t\t\t\t<\/div>\n\t\t<\/div>\n\t\t\t\t\t<\/div>\n\t\t<\/section>\n\t\t\t\t<section class=\"elementor-section elementor-inner-section elementor-element elementor-element-c204fb2 elementor-section-boxed elementor-section-height-default elementor-section-height-default\" data-id=\"c204fb2\" data-element_type=\"section\">\n\t\t\t\t\t\t<div class=\"elementor-container elementor-column-gap-default\">\n\t\t\t\t\t<div class=\"elementor-column elementor-col-50 elementor-inner-column elementor-element elementor-element-6b1e592d\" data-id=\"6b1e592d\" data-element_type=\"column\">\n\t\t\t<div class=\"elementor-widget-wrap elementor-element-populated\">\n\t\t\t\t\t\t<div class=\"elementor-element elementor-element-1acbf767 elementor-widget elementor-widget-heading\" data-id=\"1acbf767\" data-element_type=\"widget\" data-widget_type=\"heading.default\">\n\t\t\t\t<div class=\"elementor-widget-container\">\n\t\t\t<h2 class=\"elementor-heading-title elementor-size-default\">Stahlpanelsysteme<\/h2>\t\t<\/div>\n\t\t\t\t<\/div>\n\t\t\t\t<div class=\"elementor-element elementor-element-79943fff elementor-widget elementor-widget-text-editor\" data-id=\"79943fff\" data-element_type=\"widget\" data-widget_type=\"text-editor.default\">\n\t\t\t\t<div class=\"elementor-widget-container\">\n\t\t\t\t\t\t\t<p>Stahlpanelsysteme bieten eine robuste und zuverl\u00e4ssige L\u00f6sung f\u00fcr Industrieumgebungen, die ein hohes Ma\u00df an Festigkeit und Widerstandsf\u00e4higkeit erfordern. Diese Systeme sind f\u00fcr den langfristigen Einsatz in den anspruchsvollsten Umgebungen konzipiert.<\/p>\n\t\t\t\t\t\t<\/div>\n\t\t\t\t<\/div>\n\t\t\t\t\t<\/div>\n\t\t<\/div>\n\t\t\t\t<div class=\"elementor-column elementor-col-50 elementor-inner-column elementor-element elementor-element-30599f13\" data-id=\"30599f13\" data-element_type=\"column\">\n\t\t\t<div class=\"elementor-widget-wrap elementor-element-populated\">\n\t\t\t\t\t\t<div class=\"elementor-element elementor-element-41c908ce elementor-widget elementor-widget-heading\" data-id=\"41c908ce\" data-element_type=\"widget\" data-widget_type=\"heading.default\">\n\t\t\t\t<div class=\"elementor-widget-container\">\n\t\t\t<h2 class=\"elementor-heading-title elementor-size-default\">Glaspanelsysteme<\/h2>\t\t<\/div>\n\t\t\t\t<\/div>\n\t\t\t\t<div class=\"elementor-element elementor-element-6ee1870d elementor-widget elementor-widget-text-editor\" data-id=\"6ee1870d\" data-element_type=\"widget\" data-widget_type=\"text-editor.default\">\n\t\t\t\t<div class=\"elementor-widget-container\">\n\t\t\t\t\t\t\t<p>Glaspanelsysteme bieten eine elegante und moderne L\u00f6sung, die Funktionalit\u00e4t und \u00c4sthetik vereint. Diese Systeme erm\u00f6glichen nat\u00fcrlichen Lichteinfall und visuelle Offenheit und k\u00f6nnen gleichzeitig durch den Einsatz teiltransparenter Materialien oder spezieller Beschichtungen ein gewisses Ma\u00df an Privatsph\u00e4re bieten. Sie eignen sich auch zur Schalld\u00e4mmung. Ideal f\u00fcr den Einsatz in B\u00fcros, Konferenzr\u00e4umen, Reinr\u00e4umen und anderen Bereichen, in denen \u00c4sthetik von zentraler Bedeutung ist.<\/p>\n\t\t\t\t\t\t<\/div>\n\t\t\t\t<\/div>\n\t\t\t\t\t<\/div>\n\t\t<\/div>\n\t\t\t\t\t<\/div>\n\t\t<\/section>\n\t\t\t\t\t<\/div>\n\t\t<\/div>\n\t\t\t\t\t<\/div>\n\t\t<\/section>\n\t\t\t\t<section class=\"elementor-section elementor-top-section elementor-element elementor-element-376e6c05 elementor-section-content-middle elementor-section-boxed elementor-section-height-default elementor-section-height-default\" data-id=\"376e6c05\" data-element_type=\"section\">\n\t\t\t\t\t\t\t<div class=\"elementor-background-overlay\"><\/div>\n\t\t\t\t\t\t\t<div class=\"elementor-container elementor-column-gap-no\">\n\t\t\t\t\t<div class=\"elementor-column elementor-col-100 elementor-top-column elementor-element elementor-element-335365b7\" data-id=\"335365b7\" data-element_type=\"column\">\n\t\t\t<div class=\"elementor-widget-wrap elementor-element-populated\">\n\t\t\t\t\t\t<div class=\"elementor-element elementor-element-15028538 elementor-view-default elementor-position-top elementor-mobile-position-top elementor-widget elementor-widget-icon-box\" data-id=\"15028538\" data-element_type=\"widget\" data-widget_type=\"icon-box.default\">\n\t\t\t\t<div class=\"elementor-widget-container\">\n\t\t\t\t\t<div class=\"elementor-icon-box-wrapper\">\n\n\t\t\t\t\t\t<div class=\"elementor-icon-box-icon\">\n\t\t\t\t<span  class=\"elementor-icon elementor-animation-\">\n\t\t\t\t<i aria-hidden=\"true\" class=\"fas fa-phone-square-alt\"><\/i>\t\t\t\t<\/span>\n\t\t\t<\/div>\n\t\t\t\n\t\t\t\t\t\t<div class=\"elementor-icon-box-content\">\n\n\t\t\t\t\t\t\t\t\t<h4 class=\"elementor-icon-box-title\">\n\t\t\t\t\t\t<span  >\n\t\t\t\t\t\t\tKontaktieren Sie uns noch heute\t\t\t\t\t\t<\/span>\n\t\t\t\t\t<\/h4>\n\t\t\t\t\n\t\t\t\t\t\t\t\t\t<p class=\"elementor-icon-box-description\">\n\t\t\t\t\t\tSchlie\u00dfen Sie sich unseren zufriedenen Kunden an\t\t\t\t\t<\/p>\n\t\t\t\t\n\t\t\t<\/div>\n\t\t\t\n\t\t<\/div>\n\t\t\t\t<\/div>\n\t\t\t\t<\/div>\n\t\t\t\t<div class=\"elementor-element elementor-element-2a2d7dd elementor-widget elementor-widget-text-editor\" data-id=\"2a2d7dd\" data-element_type=\"widget\" data-widget_type=\"text-editor.default\">\n\t\t\t\t<div class=\"elementor-widget-container\">\n\t\t\t\t\t\t\tUnser Expertenteam steht Ihnen jederzeit zur Verf\u00fcgung, um Sie bei allen Fragen oder Anliegen rund um unsere Produkte und Dienstleistungen zu unterst\u00fctzen.<br><br>Kontaktieren Sie uns noch heute und finden Sie heraus, was wir f\u00fcr Sie tun k\u00f6nnen.\t\t\t\t\t\t<\/div>\n\t\t\t\t<\/div>\n\t\t\t\t<div class=\"elementor-element elementor-element-2d86f69e elementor-align-center elementor-widget elementor-widget-button\" data-id=\"2d86f69e\" data-element_type=\"widget\" data-widget_type=\"button.default\">\n\t\t\t\t<div class=\"elementor-widget-container\">\n\t\t\t\t\t\t\t<div class=\"elementor-button-wrapper\">\n\t\t\t\t\t<a class=\"elementor-button elementor-button-link elementor-size-sm elementor-animation-grow\" href=\"https:\/\/cleanroom.si\/de\/ueber-das-unternehmen\/\">\n\t\t\t\t\t\t<span class=\"elementor-button-content-wrapper\">\n\t\t\t\t\t\t\t\t\t<span class=\"elementor-button-text\">KONTAKT<\/span>\n\t\t\t\t\t<\/span>\n\t\t\t\t\t<\/a>\n\t\t\t\t<\/div>\n\t\t\t\t\t\t<\/div>\n\t\t\t\t<\/div>\n\t\t\t\t\t<\/div>\n\t\t<\/div>\n\t\t\t\t\t<\/div>\n\t\t<\/section>\n\t\t\t\t<\/div>\n\t\t","protected":false},"excerpt":{"rendered":"<p>KARBA MGE REINRAUM Produktsysteme Produktsysteme Produktsysteme f\u00fcr h\u00f6chste industrielle Effizienz Bei KARBA mge d.o.o. verstehen wir, dass jeder Industriearbeitsplatz einzigartig ist und besondere Aufmerksamkeit bei der Auswahl der richtigen Materialien und Systeme erfordert. Unsere Produkt\u00adsysteme sind darauf ausgelegt, flexible und effiziente L\u00f6sungen f\u00fcr verschiedenste Anforderungen und Anwendungen zu bieten. Von Reinr\u00e4umen bis hin zu Produktionsst\u00e4tten&#8230; <a class=\"moretag\" \n href=\"https:\/\/cleanroom.si\/de\/produktsysteme\/\">Preberite ve\u010d<\/a><\/p>\n","protected":false},"author":1,"featured_media":0,"parent":0,"menu_order":0,"comment_status":"closed","ping_status":"closed","template":"","meta":{"inline_featured_image":false,"footnotes":""},"class_list":["post-3792","page","type-page","status-publish"],"yoast_head":"<!-- This site is optimized with the Yoast SEO plugin v26.5 - https:\/\/yoast.com\/wordpress\/plugins\/seo\/ -->\n<title>Produktsysteme - Karba mge \u010disti prostori<\/title>\n<meta name=\"robots\" content=\"index, follow, max-snippet:-1, max-image-preview:large, max-video-preview:-1\" \/>\n<link rel=\"canonical\" href=\"https:\/\/cleanroom.si\/de\/produktsysteme\/\" \/>\n<meta property=\"og:locale\" content=\"de_DE\" \/>\n<meta property=\"og:type\" content=\"article\" \/>\n<meta property=\"og:title\" content=\"Produktsysteme - Karba mge \u010disti prostori\" \/>\n<meta property=\"og:description\" content=\"KARBA MGE REINRAUM Produktsysteme Produktsysteme Produktsysteme f\u00fcr h\u00f6chste industrielle Effizienz Bei KARBA mge d.o.o. verstehen wir, dass jeder Industriearbeitsplatz einzigartig ist und besondere Aufmerksamkeit bei der Auswahl der richtigen Materialien und Systeme erfordert. Unsere Produkt\u00adsysteme sind darauf ausgelegt, flexible und effiziente L\u00f6sungen f\u00fcr verschiedenste Anforderungen und Anwendungen zu bieten. Von Reinr\u00e4umen bis hin zu Produktionsst\u00e4tten... Preberite ve\u010d\" \/>\n<meta property=\"og:url\" content=\"https:\/\/cleanroom.si\/de\/produktsysteme\/\" \/>\n<meta property=\"og:site_name\" content=\"Karba mge \u010disti prostori\" \/>\n<meta property=\"article:modified_time\" content=\"2025-05-06T11:56:52+00:00\" \/>\n<meta name=\"twitter:card\" content=\"summary_large_image\" \/>\n<meta name=\"twitter:label1\" content=\"Gesch\u00e4tzte Lesezeit\" \/>\n\t<meta name=\"twitter:data1\" content=\"2\u00a0Minuten\" \/>\n<script type=\"application\/ld+json\" class=\"yoast-schema-graph\">{\"@context\":\"https:\/\/schema.org\",\"@graph\":[{\"@type\":\"WebPage\",\"@id\":\"https:\/\/cleanroom.si\/de\/produktsysteme\/\",\"url\":\"https:\/\/cleanroom.si\/de\/produktsysteme\/\",\"name\":\"Produktsysteme - Karba mge \u010disti prostori\",\"isPartOf\":{\"@id\":\"https:\/\/cleanroom.si\/de\/#website\"},\"datePublished\":\"2023-08-08T11:03:04+00:00\",\"dateModified\":\"2025-05-06T11:56:52+00:00\",\"breadcrumb\":{\"@id\":\"https:\/\/cleanroom.si\/de\/produktsysteme\/#breadcrumb\"},\"inLanguage\":\"de\",\"potentialAction\":[{\"@type\":\"ReadAction\",\"target\":[\"https:\/\/cleanroom.si\/de\/produktsysteme\/\"]}]},{\"@type\":\"BreadcrumbList\",\"@id\":\"https:\/\/cleanroom.si\/de\/produktsysteme\/#breadcrumb\",\"itemListElement\":[{\"@type\":\"ListItem\",\"position\":1,\"name\":\"Home\",\"item\":\"https:\/\/cleanroom.si\/de\/\"},{\"@type\":\"ListItem\",\"position\":2,\"name\":\"Produktsysteme\"}]},{\"@type\":\"WebSite\",\"@id\":\"https:\/\/cleanroom.si\/de\/#website\",\"url\":\"https:\/\/cleanroom.si\/de\/\",\"name\":\"Karba mge \u010disti prostori\",\"description\":\"Va\u0161a prva izbira\",\"publisher\":{\"@id\":\"https:\/\/cleanroom.si\/de\/#organization\"},\"potentialAction\":[{\"@type\":\"SearchAction\",\"target\":{\"@type\":\"EntryPoint\",\"urlTemplate\":\"https:\/\/cleanroom.si\/de\/?s={search_term_string}\"},\"query-input\":{\"@type\":\"PropertyValueSpecification\",\"valueRequired\":true,\"valueName\":\"search_term_string\"}}],\"inLanguage\":\"de\"},{\"@type\":\"Organization\",\"@id\":\"https:\/\/cleanroom.si\/de\/#organization\",\"name\":\"Karba mge \u010disti prostori\",\"url\":\"https:\/\/cleanroom.si\/de\/\",\"logo\":{\"@type\":\"ImageObject\",\"inLanguage\":\"de\",\"@id\":\"https:\/\/cleanroom.si\/de\/#\/schema\/logo\/image\/\",\"url\":\"https:\/\/cleanroom.si\/wp-content\/uploads\/2023\/09\/Karba-mge-clean-rooms-01.svg\",\"contentUrl\":\"https:\/\/cleanroom.si\/wp-content\/uploads\/2023\/09\/Karba-mge-clean-rooms-01.svg\",\"caption\":\"Karba mge \u010disti prostori\"},\"image\":{\"@id\":\"https:\/\/cleanroom.si\/de\/#\/schema\/logo\/image\/\"}}]}<\/script>\n<!-- \/ Yoast SEO plugin. -->","yoast_head_json":{"title":"Produktsysteme - Karba mge \u010disti prostori","robots":{"index":"index","follow":"follow","max-snippet":"max-snippet:-1","max-image-preview":"max-image-preview:large","max-video-preview":"max-video-preview:-1"},"canonical":"https:\/\/cleanroom.si\/de\/produktsysteme\/","og_locale":"de_DE","og_type":"article","og_title":"Produktsysteme - Karba mge \u010disti prostori","og_description":"KARBA MGE REINRAUM Produktsysteme Produktsysteme Produktsysteme f\u00fcr h\u00f6chste industrielle Effizienz Bei KARBA mge d.o.o. verstehen wir, dass jeder Industriearbeitsplatz einzigartig ist und besondere Aufmerksamkeit bei der Auswahl der richtigen Materialien und Systeme erfordert. Unsere Produkt\u00adsysteme sind darauf ausgelegt, flexible und effiziente L\u00f6sungen f\u00fcr verschiedenste Anforderungen und Anwendungen zu bieten. Von Reinr\u00e4umen bis hin zu Produktionsst\u00e4tten... Preberite ve\u010d","og_url":"https:\/\/cleanroom.si\/de\/produktsysteme\/","og_site_name":"Karba mge \u010disti prostori","article_modified_time":"2025-05-06T11:56:52+00:00","twitter_card":"summary_large_image","twitter_misc":{"Gesch\u00e4tzte Lesezeit":"2\u00a0Minuten"},"schema":{"@context":"https:\/\/schema.org","@graph":[{"@type":"WebPage","@id":"https:\/\/cleanroom.si\/de\/produktsysteme\/","url":"https:\/\/cleanroom.si\/de\/produktsysteme\/","name":"Produktsysteme - Karba mge \u010disti prostori","isPartOf":{"@id":"https:\/\/cleanroom.si\/de\/#website"},"datePublished":"2023-08-08T11:03:04+00:00","dateModified":"2025-05-06T11:56:52+00:00","breadcrumb":{"@id":"https:\/\/cleanroom.si\/de\/produktsysteme\/#breadcrumb"},"inLanguage":"de","potentialAction":[{"@type":"ReadAction","target":["https:\/\/cleanroom.si\/de\/produktsysteme\/"]}]},{"@type":"BreadcrumbList","@id":"https:\/\/cleanroom.si\/de\/produktsysteme\/#breadcrumb","itemListElement":[{"@type":"ListItem","position":1,"name":"Home","item":"https:\/\/cleanroom.si\/de\/"},{"@type":"ListItem","position":2,"name":"Produktsysteme"}]},{"@type":"WebSite","@id":"https:\/\/cleanroom.si\/de\/#website","url":"https:\/\/cleanroom.si\/de\/","name":"Karba mge \u010disti prostori","description":"Va\u0161a prva izbira","publisher":{"@id":"https:\/\/cleanroom.si\/de\/#organization"},"potentialAction":[{"@type":"SearchAction","target":{"@type":"EntryPoint","urlTemplate":"https:\/\/cleanroom.si\/de\/?s={search_term_string}"},"query-input":{"@type":"PropertyValueSpecification","valueRequired":true,"valueName":"search_term_string"}}],"inLanguage":"de"},{"@type":"Organization","@id":"https:\/\/cleanroom.si\/de\/#organization","name":"Karba mge \u010disti prostori","url":"https:\/\/cleanroom.si\/de\/","logo":{"@type":"ImageObject","inLanguage":"de","@id":"https:\/\/cleanroom.si\/de\/#\/schema\/logo\/image\/","url":"https:\/\/cleanroom.si\/wp-content\/uploads\/2023\/09\/Karba-mge-clean-rooms-01.svg","contentUrl":"https:\/\/cleanroom.si\/wp-content\/uploads\/2023\/09\/Karba-mge-clean-rooms-01.svg","caption":"Karba mge \u010disti prostori"},"image":{"@id":"https:\/\/cleanroom.si\/de\/#\/schema\/logo\/image\/"}}]}},"_links":{"self":[{"href":"https:\/\/cleanroom.si\/de\/wp-json\/wp\/v2\/pages\/3792","targetHints":{"allow":["GET"]}}],"collection":[{"href":"https:\/\/cleanroom.si\/de\/wp-json\/wp\/v2\/pages"}],"about":[{"href":"https:\/\/cleanroom.si\/de\/wp-json\/wp\/v2\/types\/page"}],"author":[{"embeddable":true,"href":"https:\/\/cleanroom.si\/de\/wp-json\/wp\/v2\/users\/1"}],"replies":[{"embeddable":true,"href":"https:\/\/cleanroom.si\/de\/wp-json\/wp\/v2\/comments?post=3792"}],"version-history":[{"count":1,"href":"https:\/\/cleanroom.si\/de\/wp-json\/wp\/v2\/pages\/3792\/revisions"}],"predecessor-version":[{"id":3793,"href":"https:\/\/cleanroom.si\/de\/wp-json\/wp\/v2\/pages\/3792\/revisions\/3793"}],"wp:attachment":[{"href":"https:\/\/cleanroom.si\/de\/wp-json\/wp\/v2\/media?parent=3792"}],"curies":[{"name":"wp","href":"https:\/\/api.w.org\/{rel}","templated":true}]}}