{"id":3840,"date":"2023-08-10T12:03:19","date_gmt":"2023-08-10T12:03:19","guid":{"rendered":"https:\/\/cleanroom.si\/pharmazeutik\/"},"modified":"2025-05-07T06:30:47","modified_gmt":"2025-05-07T06:30:47","slug":"pharmazeutik","status":"publish","type":"page","link":"https:\/\/cleanroom.si\/de\/pharmazeutik\/","title":{"rendered":"Pharmazeutik"},"content":{"rendered":"\t\t<div data-elementor-type=\"wp-page\" data-elementor-id=\"3840\" class=\"elementor elementor-3840 elementor-511\">\n\t\t\t\t\t\t<section class=\"elementor-section elementor-top-section elementor-element elementor-element-1d567e62 elementor-section-height-min-height elementor-section-content-middle elementor-section-stretched elementor-section-boxed elementor-section-height-default elementor-section-items-middle\" data-id=\"1d567e62\" data-element_type=\"section\" data-settings=\"{&quot;background_background&quot;:&quot;classic&quot;,&quot;stretch_section&quot;:&quot;section-stretched&quot;,&quot;shape_divider_top&quot;:&quot;tilt&quot;,&quot;shape_divider_bottom&quot;:&quot;tilt&quot;,&quot;animation&quot;:&quot;none&quot;,&quot;animation_delay&quot;:133}\">\n\t\t\t\t\t\t\t<div class=\"elementor-background-overlay\"><\/div>\n\t\t\t\t\t\t<div class=\"elementor-shape elementor-shape-top\" data-negative=\"false\">\n\t\t\t<svg xmlns=\"http:\/\/www.w3.org\/2000\/svg\" viewBox=\"0 0 1000 100\" preserveAspectRatio=\"none\">\n\t<path class=\"elementor-shape-fill\" d=\"M0,6V0h1000v100L0,6z\"\/>\n<\/svg>\t\t<\/div>\n\t\t\t\t<div class=\"elementor-shape elementor-shape-bottom\" data-negative=\"false\">\n\t\t\t<svg xmlns=\"http:\/\/www.w3.org\/2000\/svg\" viewBox=\"0 0 1000 100\" preserveAspectRatio=\"none\">\n\t<path class=\"elementor-shape-fill\" d=\"M0,6V0h1000v100L0,6z\"\/>\n<\/svg>\t\t<\/div>\n\t\t\t\t\t<div class=\"elementor-container elementor-column-gap-default\">\n\t\t\t\t\t<div class=\"elementor-column elementor-col-100 elementor-top-column elementor-element elementor-element-2bf31d0b\" data-id=\"2bf31d0b\" data-element_type=\"column\">\n\t\t\t<div class=\"elementor-widget-wrap elementor-element-populated\">\n\t\t\t\t\t\t<div class=\"elementor-element elementor-element-5c33e0fb elementor-widget elementor-widget-heading\" data-id=\"5c33e0fb\" data-element_type=\"widget\" data-widget_type=\"heading.default\">\n\t\t\t\t<div class=\"elementor-widget-container\">\n\t\t\t<h5 class=\"elementor-heading-title elementor-size-default\">KARBA MGE REINRAUM<\/h5>\t\t<\/div>\n\t\t\t\t<\/div>\n\t\t\t\t<div class=\"elementor-element elementor-element-71554bf elementor-widget elementor-widget-heading\" data-id=\"71554bf\" data-element_type=\"widget\" data-widget_type=\"heading.default\">\n\t\t\t\t<div class=\"elementor-widget-container\">\n\t\t\t<h2 class=\"elementor-heading-title elementor-size-default\">Pharmazeutik<\/h2>\t\t<\/div>\n\t\t\t\t<\/div>\n\t\t\t\t<div class=\"elementor-element elementor-element-1d415b6a elementor-widget-divider--view-line elementor-widget elementor-widget-divider\" data-id=\"1d415b6a\" data-element_type=\"widget\" data-widget_type=\"divider.default\">\n\t\t\t\t<div class=\"elementor-widget-container\">\n\t\t\t\t\t<div class=\"elementor-divider\">\n\t\t\t<span class=\"elementor-divider-separator\">\n\t\t\t\t\t\t<\/span>\n\t\t<\/div>\n\t\t\t\t<\/div>\n\t\t\t\t<\/div>\n\t\t\t\t\t<\/div>\n\t\t<\/div>\n\t\t\t\t\t<\/div>\n\t\t<\/section>\n\t\t\t\t<section class=\"elementor-section elementor-top-section elementor-element elementor-element-1ae87133 elementor-section-content-middle elementor-section-boxed elementor-section-height-default elementor-section-height-default\" data-id=\"1ae87133\" data-element_type=\"section\">\n\t\t\t\t\t\t\t<div class=\"elementor-background-overlay\"><\/div>\n\t\t\t\t\t\t\t<div class=\"elementor-container elementor-column-gap-no\">\n\t\t\t\t\t<div class=\"elementor-column elementor-col-100 elementor-top-column elementor-element elementor-element-165de267\" data-id=\"165de267\" data-element_type=\"column\">\n\t\t\t<div class=\"elementor-widget-wrap elementor-element-populated\">\n\t\t\t\t\t\t<div class=\"elementor-element elementor-element-3dd73584 elementor-view-default elementor-position-top elementor-mobile-position-top elementor-widget elementor-widget-icon-box\" data-id=\"3dd73584\" data-element_type=\"widget\" data-widget_type=\"icon-box.default\">\n\t\t\t\t<div class=\"elementor-widget-container\">\n\t\t\t\t\t<div class=\"elementor-icon-box-wrapper\">\n\n\t\t\t\t\t\t<div class=\"elementor-icon-box-icon\">\n\t\t\t\t<span  class=\"elementor-icon elementor-animation-\">\n\t\t\t\t<i aria-hidden=\"true\" class=\"fas fa-pills\"><\/i>\t\t\t\t<\/span>\n\t\t\t<\/div>\n\t\t\t\n\t\t\t\t\t\t<div class=\"elementor-icon-box-content\">\n\n\t\t\t\t\t\t\t\t\t<h4 class=\"elementor-icon-box-title\">\n\t\t\t\t\t\t<span  >\n\t\t\t\t\t\t\tPharmazeutik\t\t\t\t\t\t<\/span>\n\t\t\t\t\t<\/h4>\n\t\t\t\t\n\t\t\t\t\t\t\t\t\t<p class=\"elementor-icon-box-description\">\n\t\t\t\t\t\tKontrollierte Umgebung f\u00fcr erstklassige pharmazeutische Produktion\t\t\t\t\t<\/p>\n\t\t\t\t\n\t\t\t<\/div>\n\t\t\t\n\t\t<\/div>\n\t\t\t\t<\/div>\n\t\t\t\t<\/div>\n\t\t\t\t<div class=\"elementor-element elementor-element-44549dfe elementor-widget elementor-widget-text-editor\" data-id=\"44549dfe\" data-element_type=\"widget\" data-widget_type=\"text-editor.default\">\n\t\t\t\t<div class=\"elementor-widget-container\">\n\t\t\t\t\t\t\tDie Pharmaindustrie ist ein entscheidender Sektor, der Medikamente entwickelt und herstellt, die Leben verbessern und retten. Die Kontrolle von Kontaminationen ist dabei von zentraler Bedeutung, da selbst geringste Verunreinigungen die Wirksamkeit und Sicherheit von Arzneimitteln beeintr\u00e4chtigen k\u00f6nnen.<br><br>Reinr\u00e4ume in der pharmazeutischen Produktion schaffen eine Umgebung, in der die Pr\u00e4senz von Partikeln und Kontaminanten auf ein Minimum reduziert wird \u2013 und sichern so die Qualit\u00e4t und Sicherheit der Herstellungsprozesse.\t\t\t\t\t\t<\/div>\n\t\t\t\t<\/div>\n\t\t\t\t\t<\/div>\n\t\t<\/div>\n\t\t\t\t\t<\/div>\n\t\t<\/section>\n\t\t\t\t<section class=\"elementor-section elementor-top-section elementor-element elementor-element-274cc758 elementor-section-content-middle elementor-section-stretched elementor-section-boxed elementor-section-height-default elementor-section-height-default\" data-id=\"274cc758\" data-element_type=\"section\" data-settings=\"{&quot;stretch_section&quot;:&quot;section-stretched&quot;,&quot;background_background&quot;:&quot;classic&quot;}\">\n\t\t\t\t\t\t<div class=\"elementor-container elementor-column-gap-no\">\n\t\t\t\t\t<div class=\"elementor-column elementor-col-100 elementor-top-column elementor-element elementor-element-5afc665e\" data-id=\"5afc665e\" data-element_type=\"column\">\n\t\t\t<div class=\"elementor-widget-wrap elementor-element-populated\">\n\t\t\t\t\t\t<section class=\"elementor-section elementor-inner-section elementor-element elementor-element-33e7b3bc elementor-section-boxed elementor-section-height-default elementor-section-height-default\" data-id=\"33e7b3bc\" data-element_type=\"section\">\n\t\t\t\t\t\t<div class=\"elementor-container elementor-column-gap-default\">\n\t\t\t\t\t<div class=\"elementor-column elementor-col-50 elementor-inner-column elementor-element elementor-element-7bd5f61\" data-id=\"7bd5f61\" data-element_type=\"column\">\n\t\t\t<div class=\"elementor-widget-wrap elementor-element-populated\">\n\t\t\t\t\t\t<div class=\"elementor-element elementor-element-6100bc91 elementor-widget elementor-widget-heading\" data-id=\"6100bc91\" data-element_type=\"widget\" data-widget_type=\"heading.default\">\n\t\t\t\t<div class=\"elementor-widget-container\">\n\t\t\t<h2 class=\"elementor-heading-title elementor-size-default\">Einf\u00fchrung in Reinr\u00e4ume in der Pharmaindustrie<\/h2>\t\t<\/div>\n\t\t\t\t<\/div>\n\t\t\t\t<div class=\"elementor-element elementor-element-de0f379 elementor-widget elementor-widget-text-editor\" data-id=\"de0f379\" data-element_type=\"widget\" data-widget_type=\"text-editor.default\">\n\t\t\t\t<div class=\"elementor-widget-container\">\n\t\t\t\t\t\t\t<p>Die Pharmaindustrie ist eine der am strengsten regulierten Branchen und stellt h\u00f6chste Anforderungen an Sauberkeit und Qualit\u00e4t. Reinr\u00e4ume in der Pharmaindustrie sind von entscheidender Bedeutung, da sie eine kontrollierte Umgebung bieten, in der empfindliche Produktions- und Forschungsprozesse ohne Kontaminationsrisiko durchgef\u00fchrt werden k\u00f6nnen. In einem solchen Umfeld wird sichergestellt, dass alle Arzneimittel und pharmazeutischen Produkte nach den h\u00f6chsten Qualit\u00e4tsstandards hergestellt werden.<\/p>\n\t\t\t\t\t\t<\/div>\n\t\t\t\t<\/div>\n\t\t\t\t\t<\/div>\n\t\t<\/div>\n\t\t\t\t<div class=\"elementor-column elementor-col-50 elementor-inner-column elementor-element elementor-element-315e1e2b\" data-id=\"315e1e2b\" data-element_type=\"column\">\n\t\t\t<div class=\"elementor-widget-wrap elementor-element-populated\">\n\t\t\t\t\t\t<div class=\"elementor-element elementor-element-6db93ad3 elementor-widget elementor-widget-heading\" data-id=\"6db93ad3\" data-element_type=\"widget\" data-widget_type=\"heading.default\">\n\t\t\t\t<div class=\"elementor-widget-container\">\n\t\t\t<h2 class=\"elementor-heading-title elementor-size-default\">Karba mge Clean Rooms: Ihr Partner in der Pharmaindustrie<\/h2>\t\t<\/div>\n\t\t\t\t<\/div>\n\t\t\t\t<div class=\"elementor-element elementor-element-32f49246 elementor-widget elementor-widget-text-editor\" data-id=\"32f49246\" data-element_type=\"widget\" data-widget_type=\"text-editor.default\">\n\t\t\t\t<div class=\"elementor-widget-container\">\n\t\t\t\t\t\t\t<p>Bei KARBA mge d.o.o. verstehen wir die spezifischen Anforderungen der Pharmaindustrie. Unser Reinraumangebot f\u00fcr den Pharmabereich ist so konzipiert, dass es alle globalen Vorschriften und Standards erf\u00fcllt. Mit \u00fcber 25 Jahren Erfahrung in der Reinraumbranche haben wir das Vertrauen zahlreicher Pharmaunternehmen gewonnen, die sich auf unsere Fachkompetenz und Zuverl\u00e4ssigkeit verlassen.<\/p>\n\t\t\t\t\t\t<\/div>\n\t\t\t\t<\/div>\n\t\t\t\t\t<\/div>\n\t\t<\/div>\n\t\t\t\t\t<\/div>\n\t\t<\/section>\n\t\t\t\t<section class=\"elementor-section elementor-inner-section elementor-element elementor-element-11cf8215 elementor-section-boxed elementor-section-height-default elementor-section-height-default\" data-id=\"11cf8215\" data-element_type=\"section\">\n\t\t\t\t\t\t<div class=\"elementor-container elementor-column-gap-default\">\n\t\t\t\t\t<div class=\"elementor-column elementor-col-50 elementor-inner-column elementor-element elementor-element-506168b6\" data-id=\"506168b6\" data-element_type=\"column\">\n\t\t\t<div class=\"elementor-widget-wrap elementor-element-populated\">\n\t\t\t\t\t\t<div class=\"elementor-element elementor-element-2caec84b elementor-widget elementor-widget-heading\" data-id=\"2caec84b\" data-element_type=\"widget\" data-widget_type=\"heading.default\">\n\t\t\t\t<div class=\"elementor-widget-container\">\n\t\t\t<h2 class=\"elementor-heading-title elementor-size-default\">Technologie und Innovationen f\u00fcr die Pharmaindustrie<\/h2>\t\t<\/div>\n\t\t\t\t<\/div>\n\t\t\t\t<div class=\"elementor-element elementor-element-4c99c201 elementor-widget elementor-widget-text-editor\" data-id=\"4c99c201\" data-element_type=\"widget\" data-widget_type=\"text-editor.default\">\n\t\t\t\t<div class=\"elementor-widget-container\">\n\t\t\t\t\t\t\t<p>Wir setzen fortschrittliche Systeme, spezielle Materialien und strenge Kontrollprotokolle ein, um sicherzustellen, dass unsere Reinr\u00e4ume den Anforderungen der Pharmaindustrie entsprechen. Unsere Technologie ist darauf ausgelegt, Kontaminationen zu verhindern \u2013 so k\u00f6nnen sich Pharmaunternehmen voll und ganz auf die Entwicklung und Herstellung von Arzneimitteln konzentrieren, ohne sich um die Reinheit ihrer Umgebung sorgen zu m\u00fcssen.<\/p>\n\t\t\t\t\t\t<\/div>\n\t\t\t\t<\/div>\n\t\t\t\t\t<\/div>\n\t\t<\/div>\n\t\t\t\t<div class=\"elementor-column elementor-col-50 elementor-inner-column elementor-element elementor-element-77d473da\" data-id=\"77d473da\" data-element_type=\"column\">\n\t\t\t<div class=\"elementor-widget-wrap elementor-element-populated\">\n\t\t\t\t\t\t<div class=\"elementor-element elementor-element-48d378f5 elementor-widget elementor-widget-heading\" data-id=\"48d378f5\" data-element_type=\"widget\" data-widget_type=\"heading.default\">\n\t\t\t\t<div class=\"elementor-widget-container\">\n\t\t\t<h2 class=\"elementor-heading-title elementor-size-default\">Die Zukunft der Reinr\u00e4ume in der Pharmaindustrie<\/h2>\t\t<\/div>\n\t\t\t\t<\/div>\n\t\t\t\t<div class=\"elementor-element elementor-element-664d0239 elementor-widget elementor-widget-text-editor\" data-id=\"664d0239\" data-element_type=\"widget\" data-widget_type=\"text-editor.default\">\n\t\t\t\t<div class=\"elementor-widget-container\">\n\t\t\t\t\t\t\t<p>Mit dem rasanten Fortschritt der Pharmaindustrie steigen auch die Anforderungen an Reinr\u00e4ume. In unserem Unternehmen passen wir uns kontinuierlich neuen Trends und Technologien an, um unsere f\u00fchrende Position in der Reinraumbranche zu behaupten. Unser Engagement f\u00fcr Innovation und Qualit\u00e4t erm\u00f6glicht es uns, L\u00f6sungen anzubieten, die bereit f\u00fcr die Herausforderungen der Zukunft sind.<\/p>\n\t\t\t\t\t\t<\/div>\n\t\t\t\t<\/div>\n\t\t\t\t\t<\/div>\n\t\t<\/div>\n\t\t\t\t\t<\/div>\n\t\t<\/section>\n\t\t\t\t\t<\/div>\n\t\t<\/div>\n\t\t\t\t\t<\/div>\n\t\t<\/section>\n\t\t\t\t<section class=\"elementor-section elementor-top-section elementor-element elementor-element-5862fd79 elementor-section-content-middle elementor-section-boxed elementor-section-height-default elementor-section-height-default\" data-id=\"5862fd79\" data-element_type=\"section\">\n\t\t\t\t\t\t\t<div class=\"elementor-background-overlay\"><\/div>\n\t\t\t\t\t\t\t<div class=\"elementor-container elementor-column-gap-no\">\n\t\t\t\t\t<div class=\"elementor-column elementor-col-100 elementor-top-column elementor-element elementor-element-302f9fd1\" data-id=\"302f9fd1\" data-element_type=\"column\">\n\t\t\t<div class=\"elementor-widget-wrap elementor-element-populated\">\n\t\t\t\t\t\t<div class=\"elementor-element elementor-element-32f09fdf elementor-view-default elementor-position-top elementor-mobile-position-top elementor-widget elementor-widget-icon-box\" data-id=\"32f09fdf\" data-element_type=\"widget\" data-widget_type=\"icon-box.default\">\n\t\t\t\t<div class=\"elementor-widget-container\">\n\t\t\t\t\t<div class=\"elementor-icon-box-wrapper\">\n\n\t\t\t\t\t\t<div class=\"elementor-icon-box-icon\">\n\t\t\t\t<span  class=\"elementor-icon elementor-animation-\">\n\t\t\t\t<i aria-hidden=\"true\" class=\"fas fa-grin-wink\"><\/i>\t\t\t\t<\/span>\n\t\t\t<\/div>\n\t\t\t\n\t\t\t\t\t\t<div class=\"elementor-icon-box-content\">\n\n\t\t\t\t\t\t\t\t\t<h4 class=\"elementor-icon-box-title\">\n\t\t\t\t\t\t<span  >\n\t\t\t\t\t\t\tKontaktieren Sie uns noch heute\t\t\t\t\t\t<\/span>\n\t\t\t\t\t<\/h4>\n\t\t\t\t\n\t\t\t\t\t\t\t\t\t<p class=\"elementor-icon-box-description\">\n\t\t\t\t\t\tSchlie\u00dfen Sie sich unseren zufriedenen Kunden an\t\t\t\t\t<\/p>\n\t\t\t\t\n\t\t\t<\/div>\n\t\t\t\n\t\t<\/div>\n\t\t\t\t<\/div>\n\t\t\t\t<\/div>\n\t\t\t\t<div class=\"elementor-element elementor-element-ea58b96 elementor-widget elementor-widget-text-editor\" data-id=\"ea58b96\" data-element_type=\"widget\" data-widget_type=\"text-editor.default\">\n\t\t\t\t<div class=\"elementor-widget-container\">\n\t\t\t\t\t\t\tUnser Expertenteam steht Ihnen jederzeit zur Verf\u00fcgung, um Sie bei allen Fragen oder Anliegen rund um unsere Produkte und Dienstleistungen zu unterst\u00fctzen.<br><br>Kontaktieren Sie uns noch heute und erfahren Sie, was wir f\u00fcr Sie tun k\u00f6nnen.\t\t\t\t\t\t<\/div>\n\t\t\t\t<\/div>\n\t\t\t\t<div class=\"elementor-element elementor-element-540ad5e0 elementor-align-center elementor-widget elementor-widget-button\" data-id=\"540ad5e0\" data-element_type=\"widget\" data-widget_type=\"button.default\">\n\t\t\t\t<div class=\"elementor-widget-container\">\n\t\t\t\t\t\t\t<div class=\"elementor-button-wrapper\">\n\t\t\t\t\t<a class=\"elementor-button elementor-button-link elementor-size-sm elementor-animation-grow\" href=\"https:\/\/cleanroom.si\/de\/kontakt\/\">\n\t\t\t\t\t\t<span class=\"elementor-button-content-wrapper\">\n\t\t\t\t\t\t\t\t\t<span class=\"elementor-button-text\">KONTAKT<\/span>\n\t\t\t\t\t<\/span>\n\t\t\t\t\t<\/a>\n\t\t\t\t<\/div>\n\t\t\t\t\t\t<\/div>\n\t\t\t\t<\/div>\n\t\t\t\t\t<\/div>\n\t\t<\/div>\n\t\t\t\t\t<\/div>\n\t\t<\/section>\n\t\t\t\t<\/div>\n\t\t","protected":false},"excerpt":{"rendered":"<p>KARBA MGE REINRAUM Pharmazeutik Pharmazeutik Kontrollierte Umgebung f\u00fcr erstklassige pharmazeutische Produktion Die Pharmaindustrie ist ein entscheidender Sektor, der Medikamente entwickelt und herstellt, die Leben verbessern und retten. Die Kontrolle von Kontaminationen ist dabei von zentraler Bedeutung, da selbst geringste Verunreinigungen die Wirksamkeit und Sicherheit von Arzneimitteln beeintr\u00e4chtigen k\u00f6nnen. Reinr\u00e4ume in der pharmazeutischen Produktion schaffen eine&#8230; <a class=\"moretag\" \n href=\"https:\/\/cleanroom.si\/de\/pharmazeutik\/\">Preberite ve\u010d<\/a><\/p>\n","protected":false},"author":1,"featured_media":0,"parent":0,"menu_order":0,"comment_status":"closed","ping_status":"closed","template":"","meta":{"inline_featured_image":false,"footnotes":""},"class_list":["post-3840","page","type-page","status-publish"],"yoast_head":"<!-- This site is optimized with the Yoast SEO plugin v26.5 - https:\/\/yoast.com\/wordpress\/plugins\/seo\/ -->\n<title>Pharmazeutik - Karba mge \u010disti prostori<\/title>\n<meta name=\"robots\" content=\"index, follow, max-snippet:-1, max-image-preview:large, max-video-preview:-1\" \/>\n<link rel=\"canonical\" href=\"https:\/\/cleanroom.si\/de\/pharmazeutik\/\" \/>\n<meta property=\"og:locale\" content=\"de_DE\" \/>\n<meta property=\"og:type\" content=\"article\" \/>\n<meta property=\"og:title\" content=\"Pharmazeutik - Karba mge \u010disti prostori\" \/>\n<meta property=\"og:description\" content=\"KARBA MGE REINRAUM Pharmazeutik Pharmazeutik Kontrollierte Umgebung f\u00fcr erstklassige pharmazeutische Produktion Die Pharmaindustrie ist ein entscheidender Sektor, der Medikamente entwickelt und herstellt, die Leben verbessern und retten. Die Kontrolle von Kontaminationen ist dabei von zentraler Bedeutung, da selbst geringste Verunreinigungen die Wirksamkeit und Sicherheit von Arzneimitteln beeintr\u00e4chtigen k\u00f6nnen. Reinr\u00e4ume in der pharmazeutischen Produktion schaffen eine... Preberite ve\u010d\" \/>\n<meta property=\"og:url\" content=\"https:\/\/cleanroom.si\/de\/pharmazeutik\/\" \/>\n<meta property=\"og:site_name\" content=\"Karba mge \u010disti prostori\" \/>\n<meta property=\"article:modified_time\" content=\"2025-05-07T06:30:47+00:00\" \/>\n<meta name=\"twitter:card\" content=\"summary_large_image\" \/>\n<meta name=\"twitter:label1\" content=\"Gesch\u00e4tzte Lesezeit\" \/>\n\t<meta name=\"twitter:data1\" content=\"2\u00a0Minuten\" \/>\n<script type=\"application\/ld+json\" class=\"yoast-schema-graph\">{\"@context\":\"https:\/\/schema.org\",\"@graph\":[{\"@type\":\"WebPage\",\"@id\":\"https:\/\/cleanroom.si\/de\/pharmazeutik\/\",\"url\":\"https:\/\/cleanroom.si\/de\/pharmazeutik\/\",\"name\":\"Pharmazeutik - Karba mge \u010disti prostori\",\"isPartOf\":{\"@id\":\"https:\/\/cleanroom.si\/de\/#website\"},\"datePublished\":\"2023-08-10T12:03:19+00:00\",\"dateModified\":\"2025-05-07T06:30:47+00:00\",\"breadcrumb\":{\"@id\":\"https:\/\/cleanroom.si\/de\/pharmazeutik\/#breadcrumb\"},\"inLanguage\":\"de\",\"potentialAction\":[{\"@type\":\"ReadAction\",\"target\":[\"https:\/\/cleanroom.si\/de\/pharmazeutik\/\"]}]},{\"@type\":\"BreadcrumbList\",\"@id\":\"https:\/\/cleanroom.si\/de\/pharmazeutik\/#breadcrumb\",\"itemListElement\":[{\"@type\":\"ListItem\",\"position\":1,\"name\":\"Home\",\"item\":\"https:\/\/cleanroom.si\/de\/\"},{\"@type\":\"ListItem\",\"position\":2,\"name\":\"Pharmazeutik\"}]},{\"@type\":\"WebSite\",\"@id\":\"https:\/\/cleanroom.si\/de\/#website\",\"url\":\"https:\/\/cleanroom.si\/de\/\",\"name\":\"Karba mge \u010disti prostori\",\"description\":\"Va\u0161a prva izbira\",\"publisher\":{\"@id\":\"https:\/\/cleanroom.si\/de\/#organization\"},\"potentialAction\":[{\"@type\":\"SearchAction\",\"target\":{\"@type\":\"EntryPoint\",\"urlTemplate\":\"https:\/\/cleanroom.si\/de\/?s={search_term_string}\"},\"query-input\":{\"@type\":\"PropertyValueSpecification\",\"valueRequired\":true,\"valueName\":\"search_term_string\"}}],\"inLanguage\":\"de\"},{\"@type\":\"Organization\",\"@id\":\"https:\/\/cleanroom.si\/de\/#organization\",\"name\":\"Karba mge \u010disti prostori\",\"url\":\"https:\/\/cleanroom.si\/de\/\",\"logo\":{\"@type\":\"ImageObject\",\"inLanguage\":\"de\",\"@id\":\"https:\/\/cleanroom.si\/de\/#\/schema\/logo\/image\/\",\"url\":\"https:\/\/cleanroom.si\/wp-content\/uploads\/2023\/09\/Karba-mge-clean-rooms-01.svg\",\"contentUrl\":\"https:\/\/cleanroom.si\/wp-content\/uploads\/2023\/09\/Karba-mge-clean-rooms-01.svg\",\"caption\":\"Karba mge \u010disti prostori\"},\"image\":{\"@id\":\"https:\/\/cleanroom.si\/de\/#\/schema\/logo\/image\/\"}}]}<\/script>\n<!-- \/ Yoast SEO plugin. -->","yoast_head_json":{"title":"Pharmazeutik - Karba mge \u010disti prostori","robots":{"index":"index","follow":"follow","max-snippet":"max-snippet:-1","max-image-preview":"max-image-preview:large","max-video-preview":"max-video-preview:-1"},"canonical":"https:\/\/cleanroom.si\/de\/pharmazeutik\/","og_locale":"de_DE","og_type":"article","og_title":"Pharmazeutik - Karba mge \u010disti prostori","og_description":"KARBA MGE REINRAUM Pharmazeutik Pharmazeutik Kontrollierte Umgebung f\u00fcr erstklassige pharmazeutische Produktion Die Pharmaindustrie ist ein entscheidender Sektor, der Medikamente entwickelt und herstellt, die Leben verbessern und retten. Die Kontrolle von Kontaminationen ist dabei von zentraler Bedeutung, da selbst geringste Verunreinigungen die Wirksamkeit und Sicherheit von Arzneimitteln beeintr\u00e4chtigen k\u00f6nnen. Reinr\u00e4ume in der pharmazeutischen Produktion schaffen eine... Preberite ve\u010d","og_url":"https:\/\/cleanroom.si\/de\/pharmazeutik\/","og_site_name":"Karba mge \u010disti prostori","article_modified_time":"2025-05-07T06:30:47+00:00","twitter_card":"summary_large_image","twitter_misc":{"Gesch\u00e4tzte Lesezeit":"2\u00a0Minuten"},"schema":{"@context":"https:\/\/schema.org","@graph":[{"@type":"WebPage","@id":"https:\/\/cleanroom.si\/de\/pharmazeutik\/","url":"https:\/\/cleanroom.si\/de\/pharmazeutik\/","name":"Pharmazeutik - Karba mge \u010disti prostori","isPartOf":{"@id":"https:\/\/cleanroom.si\/de\/#website"},"datePublished":"2023-08-10T12:03:19+00:00","dateModified":"2025-05-07T06:30:47+00:00","breadcrumb":{"@id":"https:\/\/cleanroom.si\/de\/pharmazeutik\/#breadcrumb"},"inLanguage":"de","potentialAction":[{"@type":"ReadAction","target":["https:\/\/cleanroom.si\/de\/pharmazeutik\/"]}]},{"@type":"BreadcrumbList","@id":"https:\/\/cleanroom.si\/de\/pharmazeutik\/#breadcrumb","itemListElement":[{"@type":"ListItem","position":1,"name":"Home","item":"https:\/\/cleanroom.si\/de\/"},{"@type":"ListItem","position":2,"name":"Pharmazeutik"}]},{"@type":"WebSite","@id":"https:\/\/cleanroom.si\/de\/#website","url":"https:\/\/cleanroom.si\/de\/","name":"Karba mge \u010disti prostori","description":"Va\u0161a prva izbira","publisher":{"@id":"https:\/\/cleanroom.si\/de\/#organization"},"potentialAction":[{"@type":"SearchAction","target":{"@type":"EntryPoint","urlTemplate":"https:\/\/cleanroom.si\/de\/?s={search_term_string}"},"query-input":{"@type":"PropertyValueSpecification","valueRequired":true,"valueName":"search_term_string"}}],"inLanguage":"de"},{"@type":"Organization","@id":"https:\/\/cleanroom.si\/de\/#organization","name":"Karba mge \u010disti prostori","url":"https:\/\/cleanroom.si\/de\/","logo":{"@type":"ImageObject","inLanguage":"de","@id":"https:\/\/cleanroom.si\/de\/#\/schema\/logo\/image\/","url":"https:\/\/cleanroom.si\/wp-content\/uploads\/2023\/09\/Karba-mge-clean-rooms-01.svg","contentUrl":"https:\/\/cleanroom.si\/wp-content\/uploads\/2023\/09\/Karba-mge-clean-rooms-01.svg","caption":"Karba mge \u010disti prostori"},"image":{"@id":"https:\/\/cleanroom.si\/de\/#\/schema\/logo\/image\/"}}]}},"_links":{"self":[{"href":"https:\/\/cleanroom.si\/de\/wp-json\/wp\/v2\/pages\/3840","targetHints":{"allow":["GET"]}}],"collection":[{"href":"https:\/\/cleanroom.si\/de\/wp-json\/wp\/v2\/pages"}],"about":[{"href":"https:\/\/cleanroom.si\/de\/wp-json\/wp\/v2\/types\/page"}],"author":[{"embeddable":true,"href":"https:\/\/cleanroom.si\/de\/wp-json\/wp\/v2\/users\/1"}],"replies":[{"embeddable":true,"href":"https:\/\/cleanroom.si\/de\/wp-json\/wp\/v2\/comments?post=3840"}],"version-history":[{"count":1,"href":"https:\/\/cleanroom.si\/de\/wp-json\/wp\/v2\/pages\/3840\/revisions"}],"predecessor-version":[{"id":3841,"href":"https:\/\/cleanroom.si\/de\/wp-json\/wp\/v2\/pages\/3840\/revisions\/3841"}],"wp:attachment":[{"href":"https:\/\/cleanroom.si\/de\/wp-json\/wp\/v2\/media?parent=3840"}],"curies":[{"name":"wp","href":"https:\/\/api.w.org\/{rel}","templated":true}]}}