{"id":3846,"date":"2023-08-10T05:50:22","date_gmt":"2023-08-10T05:50:22","guid":{"rendered":"https:\/\/cleanroom.si\/forschungslabore\/"},"modified":"2025-05-07T06:48:10","modified_gmt":"2025-05-07T06:48:10","slug":"forschungslabore","status":"publish","type":"page","link":"https:\/\/cleanroom.si\/de\/forschungslabore\/","title":{"rendered":"Forschungslabore"},"content":{"rendered":"\t\t<div data-elementor-type=\"wp-page\" data-elementor-id=\"3846\" class=\"elementor elementor-3846 elementor-347\">\n\t\t\t\t\t\t<section class=\"elementor-section elementor-top-section elementor-element elementor-element-25384028 elementor-section-height-min-height elementor-section-content-middle elementor-section-stretched elementor-section-boxed elementor-section-height-default elementor-section-items-middle\" data-id=\"25384028\" data-element_type=\"section\" data-settings=\"{&quot;background_background&quot;:&quot;classic&quot;,&quot;stretch_section&quot;:&quot;section-stretched&quot;,&quot;shape_divider_top&quot;:&quot;tilt&quot;,&quot;shape_divider_bottom&quot;:&quot;tilt&quot;,&quot;animation&quot;:&quot;none&quot;,&quot;animation_delay&quot;:133}\">\n\t\t\t\t\t\t\t<div class=\"elementor-background-overlay\"><\/div>\n\t\t\t\t\t\t<div class=\"elementor-shape elementor-shape-top\" data-negative=\"false\">\n\t\t\t<svg xmlns=\"http:\/\/www.w3.org\/2000\/svg\" viewBox=\"0 0 1000 100\" preserveAspectRatio=\"none\">\n\t<path class=\"elementor-shape-fill\" d=\"M0,6V0h1000v100L0,6z\"\/>\n<\/svg>\t\t<\/div>\n\t\t\t\t<div class=\"elementor-shape elementor-shape-bottom\" data-negative=\"false\">\n\t\t\t<svg xmlns=\"http:\/\/www.w3.org\/2000\/svg\" viewBox=\"0 0 1000 100\" preserveAspectRatio=\"none\">\n\t<path class=\"elementor-shape-fill\" d=\"M0,6V0h1000v100L0,6z\"\/>\n<\/svg>\t\t<\/div>\n\t\t\t\t\t<div class=\"elementor-container elementor-column-gap-default\">\n\t\t\t\t\t<div class=\"elementor-column elementor-col-100 elementor-top-column elementor-element elementor-element-133ab19e\" data-id=\"133ab19e\" data-element_type=\"column\">\n\t\t\t<div class=\"elementor-widget-wrap elementor-element-populated\">\n\t\t\t\t\t\t<div class=\"elementor-element elementor-element-4b8eaa1f elementor-widget elementor-widget-heading\" data-id=\"4b8eaa1f\" data-element_type=\"widget\" data-widget_type=\"heading.default\">\n\t\t\t\t<div class=\"elementor-widget-container\">\n\t\t\t<h5 class=\"elementor-heading-title elementor-size-default\">KARBA MGE REINRAUM<\/h5>\t\t<\/div>\n\t\t\t\t<\/div>\n\t\t\t\t<div class=\"elementor-element elementor-element-7d18bb8f elementor-widget elementor-widget-heading\" data-id=\"7d18bb8f\" data-element_type=\"widget\" data-widget_type=\"heading.default\">\n\t\t\t\t<div class=\"elementor-widget-container\">\n\t\t\t<h2 class=\"elementor-heading-title elementor-size-default\">Forschungslabore<\/h2>\t\t<\/div>\n\t\t\t\t<\/div>\n\t\t\t\t<div class=\"elementor-element elementor-element-3f778f36 elementor-widget-divider--view-line elementor-widget elementor-widget-divider\" data-id=\"3f778f36\" data-element_type=\"widget\" data-widget_type=\"divider.default\">\n\t\t\t\t<div class=\"elementor-widget-container\">\n\t\t\t\t\t<div class=\"elementor-divider\">\n\t\t\t<span class=\"elementor-divider-separator\">\n\t\t\t\t\t\t<\/span>\n\t\t<\/div>\n\t\t\t\t<\/div>\n\t\t\t\t<\/div>\n\t\t\t\t\t<\/div>\n\t\t<\/div>\n\t\t\t\t\t<\/div>\n\t\t<\/section>\n\t\t\t\t<section class=\"elementor-section elementor-top-section elementor-element elementor-element-622b3828 elementor-section-content-middle elementor-section-boxed elementor-section-height-default elementor-section-height-default\" data-id=\"622b3828\" data-element_type=\"section\">\n\t\t\t\t\t\t\t<div class=\"elementor-background-overlay\"><\/div>\n\t\t\t\t\t\t\t<div class=\"elementor-container elementor-column-gap-no\">\n\t\t\t\t\t<div class=\"elementor-column elementor-col-100 elementor-top-column elementor-element elementor-element-308ca97b\" data-id=\"308ca97b\" data-element_type=\"column\">\n\t\t\t<div class=\"elementor-widget-wrap elementor-element-populated\">\n\t\t\t\t\t\t<div class=\"elementor-element elementor-element-5e73feec elementor-view-default elementor-position-top elementor-mobile-position-top elementor-widget elementor-widget-icon-box\" data-id=\"5e73feec\" data-element_type=\"widget\" data-widget_type=\"icon-box.default\">\n\t\t\t\t<div class=\"elementor-widget-container\">\n\t\t\t\t\t<div class=\"elementor-icon-box-wrapper\">\n\n\t\t\t\t\t\t<div class=\"elementor-icon-box-icon\">\n\t\t\t\t<span  class=\"elementor-icon elementor-animation-\">\n\t\t\t\t<i aria-hidden=\"true\" class=\"fas fa-compress-arrows-alt\"><\/i>\t\t\t\t<\/span>\n\t\t\t<\/div>\n\t\t\t\n\t\t\t\t\t\t<div class=\"elementor-icon-box-content\">\n\n\t\t\t\t\t\t\t\t\t<h4 class=\"elementor-icon-box-title\">\n\t\t\t\t\t\t<span  >\n\t\t\t\t\t\t\tForschungslabore\t\t\t\t\t\t<\/span>\n\t\t\t\t\t<\/h4>\n\t\t\t\t\n\t\t\t\t\t\t\t\t\t<p class=\"elementor-icon-box-description\">\n\t\t\t\t\t\tSpitzenforschung braucht h\u00f6chste Reinheit\t\t\t\t\t<\/p>\n\t\t\t\t\n\t\t\t<\/div>\n\t\t\t\n\t\t<\/div>\n\t\t\t\t<\/div>\n\t\t\t\t<\/div>\n\t\t\t\t<div class=\"elementor-element elementor-element-73779884 elementor-widget elementor-widget-text-editor\" data-id=\"73779884\" data-element_type=\"widget\" data-widget_type=\"text-editor.default\">\n\t\t\t\t<div class=\"elementor-widget-container\">\n\t\t\t\t\t\t\t<p>In Forschungslaboren ist Reinheit entscheidend f\u00fcr die Genauigkeit und Reproduzierbarkeit wissenschaftlicher Arbeit. Reinr\u00e4ume bieten eine kontrollierte Umgebung, die innovative Projekte, empfindliche Analysen und die Entwicklung zukunftsweisender Technologien unterst\u00fctzt.<\/p>\n\t\t\t\t\t\t<\/div>\n\t\t\t\t<\/div>\n\t\t\t\t\t<\/div>\n\t\t<\/div>\n\t\t\t\t\t<\/div>\n\t\t<\/section>\n\t\t\t\t<section class=\"elementor-section elementor-top-section elementor-element elementor-element-769ff365 elementor-section-content-middle elementor-section-stretched elementor-section-boxed elementor-section-height-default elementor-section-height-default\" data-id=\"769ff365\" data-element_type=\"section\" data-settings=\"{&quot;stretch_section&quot;:&quot;section-stretched&quot;,&quot;background_background&quot;:&quot;classic&quot;}\">\n\t\t\t\t\t\t<div class=\"elementor-container elementor-column-gap-no\">\n\t\t\t\t\t<div class=\"elementor-column elementor-col-100 elementor-top-column elementor-element elementor-element-28786d47\" data-id=\"28786d47\" data-element_type=\"column\">\n\t\t\t<div class=\"elementor-widget-wrap elementor-element-populated\">\n\t\t\t\t\t\t<section class=\"elementor-section elementor-inner-section elementor-element elementor-element-2ae76a17 elementor-section-boxed elementor-section-height-default elementor-section-height-default\" data-id=\"2ae76a17\" data-element_type=\"section\">\n\t\t\t\t\t\t<div class=\"elementor-container elementor-column-gap-default\">\n\t\t\t\t\t<div class=\"elementor-column elementor-col-50 elementor-inner-column elementor-element elementor-element-7cbda750\" data-id=\"7cbda750\" data-element_type=\"column\">\n\t\t\t<div class=\"elementor-widget-wrap elementor-element-populated\">\n\t\t\t\t\t\t<div class=\"elementor-element elementor-element-299217fd elementor-widget elementor-widget-heading\" data-id=\"299217fd\" data-element_type=\"widget\" data-widget_type=\"heading.default\">\n\t\t\t\t<div class=\"elementor-widget-container\">\n\t\t\t<h2 class=\"elementor-heading-title elementor-size-default\">Reinr\u00e4ume: Das Fundament pr\u00e4ziser Forschung<\/h2>\t\t<\/div>\n\t\t\t\t<\/div>\n\t\t\t\t<div class=\"elementor-element elementor-element-5744f2ae elementor-widget elementor-widget-text-editor\" data-id=\"5744f2ae\" data-element_type=\"widget\" data-widget_type=\"text-editor.default\">\n\t\t\t\t<div class=\"elementor-widget-container\">\n\t\t\t\t\t\t\t<p>In Forschungslaboren ist Pr\u00e4zision von zentraler Bedeutung. Jede Kontamination kann Ergebnisse verf\u00e4lschen und die Zuverl\u00e4ssigkeit der Forschung beeintr\u00e4chtigen. Reinr\u00e4ume schaffen eine kontrollierte Umgebung, in der empfindliche Experimente und Analysen ohne das Risiko unerw\u00fcnschter Einfl\u00fcsse durchgef\u00fchrt werden k\u00f6nnen.<\/p>\n\t\t\t\t\t\t<\/div>\n\t\t\t\t<\/div>\n\t\t\t\t\t<\/div>\n\t\t<\/div>\n\t\t\t\t<div class=\"elementor-column elementor-col-50 elementor-inner-column elementor-element elementor-element-4a8c02d6\" data-id=\"4a8c02d6\" data-element_type=\"column\">\n\t\t\t<div class=\"elementor-widget-wrap elementor-element-populated\">\n\t\t\t\t\t\t<div class=\"elementor-element elementor-element-5dd4cf3f elementor-widget elementor-widget-heading\" data-id=\"5dd4cf3f\" data-element_type=\"widget\" data-widget_type=\"heading.default\">\n\t\t\t\t<div class=\"elementor-widget-container\">\n\t\t\t<h2 class=\"elementor-heading-title elementor-size-default\">Karba mge Clean Rooms: Ihr Partner f\u00fcr Ihre Forschungsbed\u00fcrfnisse<\/h2>\t\t<\/div>\n\t\t\t\t<\/div>\n\t\t\t\t<div class=\"elementor-element elementor-element-322db331 elementor-widget elementor-widget-text-editor\" data-id=\"322db331\" data-element_type=\"widget\" data-widget_type=\"text-editor.default\">\n\t\t\t\t<div class=\"elementor-widget-container\">\n\t\t\t\t\t\t\t<p>Wir verstehen die Komplexit\u00e4t und die spezifischen Anforderungen von Forschungslaboren. Unser Reinraumangebot ist auf die Bed\u00fcrfnisse der wissenschaftlichen Gemeinschaft zugeschnitten \u2013 erg\u00e4nzt durch umfassende Unterst\u00fctzung und Beratung, damit Ihre Forschungsarbeiten reibungslos und effizient ablaufen k\u00f6nnen.<\/p>\n\t\t\t\t\t\t<\/div>\n\t\t\t\t<\/div>\n\t\t\t\t\t<\/div>\n\t\t<\/div>\n\t\t\t\t\t<\/div>\n\t\t<\/section>\n\t\t\t\t<section class=\"elementor-section elementor-inner-section elementor-element elementor-element-aee8b35 elementor-section-boxed elementor-section-height-default elementor-section-height-default\" data-id=\"aee8b35\" data-element_type=\"section\">\n\t\t\t\t\t\t<div class=\"elementor-container elementor-column-gap-default\">\n\t\t\t\t\t<div class=\"elementor-column elementor-col-50 elementor-inner-column elementor-element elementor-element-20d44c01\" data-id=\"20d44c01\" data-element_type=\"column\">\n\t\t\t<div class=\"elementor-widget-wrap elementor-element-populated\">\n\t\t\t\t\t\t<div class=\"elementor-element elementor-element-6c58b10 elementor-widget elementor-widget-heading\" data-id=\"6c58b10\" data-element_type=\"widget\" data-widget_type=\"heading.default\">\n\t\t\t\t<div class=\"elementor-widget-container\">\n\t\t\t<h2 class=\"elementor-heading-title elementor-size-default\">Fortschrittliche Technologie f\u00fcr pr\u00e4zise Forschung<\/h2>\t\t<\/div>\n\t\t\t\t<\/div>\n\t\t\t\t<div class=\"elementor-element elementor-element-64cc15b elementor-widget elementor-widget-text-editor\" data-id=\"64cc15b\" data-element_type=\"widget\" data-widget_type=\"text-editor.default\">\n\t\t\t\t<div class=\"elementor-widget-container\">\n\t\t\t\t\t\t\t<p>Wissenschaftlicher Fortschritt erfordert modernste Technologie. Unsere Reinr\u00e4ume sind mit den neuesten Systemen ausgestattet, die sicherstellen, dass Ihre Forschung stets vor Kontamination und \u00e4u\u00dferen Einfl\u00fcssen gesch\u00fctzt ist.<\/p>\n\t\t\t\t\t\t<\/div>\n\t\t\t\t<\/div>\n\t\t\t\t\t<\/div>\n\t\t<\/div>\n\t\t\t\t<div class=\"elementor-column elementor-col-50 elementor-inner-column elementor-element elementor-element-44b07222\" data-id=\"44b07222\" data-element_type=\"column\">\n\t\t\t<div class=\"elementor-widget-wrap elementor-element-populated\">\n\t\t\t\t\t\t<div class=\"elementor-element elementor-element-65732b23 elementor-widget elementor-widget-heading\" data-id=\"65732b23\" data-element_type=\"widget\" data-widget_type=\"heading.default\">\n\t\t\t\t<div class=\"elementor-widget-container\">\n\t\t\t<h2 class=\"elementor-heading-title elementor-size-default\">Die Zukunft von Forschungslaboren und Reinr\u00e4umen<\/h2>\t\t<\/div>\n\t\t\t\t<\/div>\n\t\t\t\t<div class=\"elementor-element elementor-element-113c8b71 elementor-widget elementor-widget-text-editor\" data-id=\"113c8b71\" data-element_type=\"widget\" data-widget_type=\"text-editor.default\">\n\t\t\t\t<div class=\"elementor-widget-container\">\n\t\t\t\t\t\t\t<p>Mit dem rasanten Fortschritt von Wissenschaft und Technologie steigen auch die Anforderungen an Reinr\u00e4ume. Bei KARBA mge d.o.o. passen wir uns kontinuierlich neuen Trends und den Bed\u00fcrfnissen der Forschungsgemeinschaft an. Unser Ziel ist es, Reinr\u00e4ume bereitzustellen, die stets bereit sind f\u00fcr die Herausforderungen und Chancen, die die Zukunft der Wissenschaft mit sich bringt.<\/p>\n\t\t\t\t\t\t<\/div>\n\t\t\t\t<\/div>\n\t\t\t\t\t<\/div>\n\t\t<\/div>\n\t\t\t\t\t<\/div>\n\t\t<\/section>\n\t\t\t\t\t<\/div>\n\t\t<\/div>\n\t\t\t\t\t<\/div>\n\t\t<\/section>\n\t\t\t\t<section class=\"elementor-section elementor-top-section elementor-element elementor-element-487289ce elementor-section-content-middle elementor-section-boxed elementor-section-height-default elementor-section-height-default\" data-id=\"487289ce\" data-element_type=\"section\">\n\t\t\t\t\t\t\t<div class=\"elementor-background-overlay\"><\/div>\n\t\t\t\t\t\t\t<div class=\"elementor-container elementor-column-gap-no\">\n\t\t\t\t\t<div class=\"elementor-column elementor-col-100 elementor-top-column elementor-element elementor-element-7deda5e7\" data-id=\"7deda5e7\" data-element_type=\"column\">\n\t\t\t<div class=\"elementor-widget-wrap elementor-element-populated\">\n\t\t\t\t\t\t<div class=\"elementor-element elementor-element-6d390096 elementor-view-default elementor-position-top elementor-mobile-position-top elementor-widget elementor-widget-icon-box\" data-id=\"6d390096\" data-element_type=\"widget\" data-widget_type=\"icon-box.default\">\n\t\t\t\t<div class=\"elementor-widget-container\">\n\t\t\t\t\t<div class=\"elementor-icon-box-wrapper\">\n\n\t\t\t\t\t\t<div class=\"elementor-icon-box-icon\">\n\t\t\t\t<span  class=\"elementor-icon elementor-animation-\">\n\t\t\t\t<i aria-hidden=\"true\" class=\"fas fa-grin-wink\"><\/i>\t\t\t\t<\/span>\n\t\t\t<\/div>\n\t\t\t\n\t\t\t\t\t\t<div class=\"elementor-icon-box-content\">\n\n\t\t\t\t\t\t\t\t\t<h4 class=\"elementor-icon-box-title\">\n\t\t\t\t\t\t<span  >\n\t\t\t\t\t\t\tKontaktieren Sie uns noch heute\t\t\t\t\t\t<\/span>\n\t\t\t\t\t<\/h4>\n\t\t\t\t\n\t\t\t\t\t\t\t\t\t<p class=\"elementor-icon-box-description\">\n\t\t\t\t\t\tSchlie\u00dfen Sie sich unseren zufriedenen Kunden an\t\t\t\t\t<\/p>\n\t\t\t\t\n\t\t\t<\/div>\n\t\t\t\n\t\t<\/div>\n\t\t\t\t<\/div>\n\t\t\t\t<\/div>\n\t\t\t\t<div class=\"elementor-element elementor-element-7e6c0670 elementor-widget elementor-widget-text-editor\" data-id=\"7e6c0670\" data-element_type=\"widget\" data-widget_type=\"text-editor.default\">\n\t\t\t\t<div class=\"elementor-widget-container\">\n\t\t\t\t\t\t\tUnser Expertenteam steht Ihnen jederzeit zur Verf\u00fcgung, um Sie bei allen Fragen oder Anliegen rund um unsere Produkte und Dienstleistungen zu unterst\u00fctzen.<br><br>Kontaktieren Sie uns noch heute und erfahren Sie, was wir f\u00fcr Sie tun k\u00f6nnen.\t\t\t\t\t\t<\/div>\n\t\t\t\t<\/div>\n\t\t\t\t<div class=\"elementor-element elementor-element-4461d901 elementor-align-center elementor-widget elementor-widget-button\" data-id=\"4461d901\" data-element_type=\"widget\" data-widget_type=\"button.default\">\n\t\t\t\t<div class=\"elementor-widget-container\">\n\t\t\t\t\t\t\t<div class=\"elementor-button-wrapper\">\n\t\t\t\t\t<a class=\"elementor-button elementor-button-link elementor-size-sm elementor-animation-grow\" href=\"https:\/\/cleanroom.si\/de\/ueber-das-unternehmen\/\">\n\t\t\t\t\t\t<span class=\"elementor-button-content-wrapper\">\n\t\t\t\t\t\t\t\t\t<span class=\"elementor-button-text\">KONTAKT<\/span>\n\t\t\t\t\t<\/span>\n\t\t\t\t\t<\/a>\n\t\t\t\t<\/div>\n\t\t\t\t\t\t<\/div>\n\t\t\t\t<\/div>\n\t\t\t\t\t<\/div>\n\t\t<\/div>\n\t\t\t\t\t<\/div>\n\t\t<\/section>\n\t\t\t\t<\/div>\n\t\t","protected":false},"excerpt":{"rendered":"<p>KARBA MGE REINRAUM Forschungslabore Forschungslabore Spitzenforschung braucht h\u00f6chste Reinheit In Forschungslaboren ist Reinheit entscheidend f\u00fcr die Genauigkeit und Reproduzierbarkeit wissenschaftlicher Arbeit. Reinr\u00e4ume bieten eine kontrollierte Umgebung, die innovative Projekte, empfindliche Analysen und die Entwicklung zukunftsweisender Technologien unterst\u00fctzt. Reinr\u00e4ume: Das Fundament pr\u00e4ziser Forschung In Forschungslaboren ist Pr\u00e4zision von zentraler Bedeutung. Jede Kontamination kann Ergebnisse verf\u00e4lschen und&#8230; <a class=\"moretag\" \n href=\"https:\/\/cleanroom.si\/de\/forschungslabore\/\">Preberite ve\u010d<\/a><\/p>\n","protected":false},"author":1,"featured_media":0,"parent":0,"menu_order":0,"comment_status":"closed","ping_status":"closed","template":"","meta":{"inline_featured_image":false,"footnotes":""},"class_list":["post-3846","page","type-page","status-publish"],"yoast_head":"<!-- This site is optimized with the Yoast SEO plugin v26.5 - https:\/\/yoast.com\/wordpress\/plugins\/seo\/ -->\n<title>Forschungslabore - Karba mge \u010disti prostori<\/title>\n<meta name=\"robots\" content=\"index, follow, max-snippet:-1, max-image-preview:large, max-video-preview:-1\" \/>\n<link rel=\"canonical\" href=\"https:\/\/cleanroom.si\/de\/forschungslabore\/\" \/>\n<meta property=\"og:locale\" content=\"de_DE\" \/>\n<meta property=\"og:type\" content=\"article\" \/>\n<meta property=\"og:title\" content=\"Forschungslabore - Karba mge \u010disti prostori\" \/>\n<meta property=\"og:description\" content=\"KARBA MGE REINRAUM Forschungslabore Forschungslabore Spitzenforschung braucht h\u00f6chste Reinheit In Forschungslaboren ist Reinheit entscheidend f\u00fcr die Genauigkeit und Reproduzierbarkeit wissenschaftlicher Arbeit. Reinr\u00e4ume bieten eine kontrollierte Umgebung, die innovative Projekte, empfindliche Analysen und die Entwicklung zukunftsweisender Technologien unterst\u00fctzt. Reinr\u00e4ume: Das Fundament pr\u00e4ziser Forschung In Forschungslaboren ist Pr\u00e4zision von zentraler Bedeutung. Jede Kontamination kann Ergebnisse verf\u00e4lschen und... Preberite ve\u010d\" \/>\n<meta property=\"og:url\" content=\"https:\/\/cleanroom.si\/de\/forschungslabore\/\" \/>\n<meta property=\"og:site_name\" content=\"Karba mge \u010disti prostori\" \/>\n<meta property=\"article:modified_time\" content=\"2025-05-07T06:48:10+00:00\" \/>\n<meta name=\"twitter:card\" content=\"summary_large_image\" \/>\n<meta name=\"twitter:label1\" content=\"Gesch\u00e4tzte Lesezeit\" \/>\n\t<meta name=\"twitter:data1\" content=\"2\u00a0Minuten\" \/>\n<script type=\"application\/ld+json\" class=\"yoast-schema-graph\">{\"@context\":\"https:\/\/schema.org\",\"@graph\":[{\"@type\":\"WebPage\",\"@id\":\"https:\/\/cleanroom.si\/de\/forschungslabore\/\",\"url\":\"https:\/\/cleanroom.si\/de\/forschungslabore\/\",\"name\":\"Forschungslabore - Karba mge \u010disti prostori\",\"isPartOf\":{\"@id\":\"https:\/\/cleanroom.si\/de\/#website\"},\"datePublished\":\"2023-08-10T05:50:22+00:00\",\"dateModified\":\"2025-05-07T06:48:10+00:00\",\"breadcrumb\":{\"@id\":\"https:\/\/cleanroom.si\/de\/forschungslabore\/#breadcrumb\"},\"inLanguage\":\"de\",\"potentialAction\":[{\"@type\":\"ReadAction\",\"target\":[\"https:\/\/cleanroom.si\/de\/forschungslabore\/\"]}]},{\"@type\":\"BreadcrumbList\",\"@id\":\"https:\/\/cleanroom.si\/de\/forschungslabore\/#breadcrumb\",\"itemListElement\":[{\"@type\":\"ListItem\",\"position\":1,\"name\":\"Home\",\"item\":\"https:\/\/cleanroom.si\/de\/\"},{\"@type\":\"ListItem\",\"position\":2,\"name\":\"Forschungslabore\"}]},{\"@type\":\"WebSite\",\"@id\":\"https:\/\/cleanroom.si\/de\/#website\",\"url\":\"https:\/\/cleanroom.si\/de\/\",\"name\":\"Karba mge \u010disti prostori\",\"description\":\"Va\u0161a prva izbira\",\"publisher\":{\"@id\":\"https:\/\/cleanroom.si\/de\/#organization\"},\"potentialAction\":[{\"@type\":\"SearchAction\",\"target\":{\"@type\":\"EntryPoint\",\"urlTemplate\":\"https:\/\/cleanroom.si\/de\/?s={search_term_string}\"},\"query-input\":{\"@type\":\"PropertyValueSpecification\",\"valueRequired\":true,\"valueName\":\"search_term_string\"}}],\"inLanguage\":\"de\"},{\"@type\":\"Organization\",\"@id\":\"https:\/\/cleanroom.si\/de\/#organization\",\"name\":\"Karba mge \u010disti prostori\",\"url\":\"https:\/\/cleanroom.si\/de\/\",\"logo\":{\"@type\":\"ImageObject\",\"inLanguage\":\"de\",\"@id\":\"https:\/\/cleanroom.si\/de\/#\/schema\/logo\/image\/\",\"url\":\"https:\/\/cleanroom.si\/wp-content\/uploads\/2023\/09\/Karba-mge-clean-rooms-01.svg\",\"contentUrl\":\"https:\/\/cleanroom.si\/wp-content\/uploads\/2023\/09\/Karba-mge-clean-rooms-01.svg\",\"caption\":\"Karba mge \u010disti prostori\"},\"image\":{\"@id\":\"https:\/\/cleanroom.si\/de\/#\/schema\/logo\/image\/\"}}]}<\/script>\n<!-- \/ Yoast SEO plugin. -->","yoast_head_json":{"title":"Forschungslabore - Karba mge \u010disti prostori","robots":{"index":"index","follow":"follow","max-snippet":"max-snippet:-1","max-image-preview":"max-image-preview:large","max-video-preview":"max-video-preview:-1"},"canonical":"https:\/\/cleanroom.si\/de\/forschungslabore\/","og_locale":"de_DE","og_type":"article","og_title":"Forschungslabore - Karba mge \u010disti prostori","og_description":"KARBA MGE REINRAUM Forschungslabore Forschungslabore Spitzenforschung braucht h\u00f6chste Reinheit In Forschungslaboren ist Reinheit entscheidend f\u00fcr die Genauigkeit und Reproduzierbarkeit wissenschaftlicher Arbeit. Reinr\u00e4ume bieten eine kontrollierte Umgebung, die innovative Projekte, empfindliche Analysen und die Entwicklung zukunftsweisender Technologien unterst\u00fctzt. Reinr\u00e4ume: Das Fundament pr\u00e4ziser Forschung In Forschungslaboren ist Pr\u00e4zision von zentraler Bedeutung. Jede Kontamination kann Ergebnisse verf\u00e4lschen und... Preberite ve\u010d","og_url":"https:\/\/cleanroom.si\/de\/forschungslabore\/","og_site_name":"Karba mge \u010disti prostori","article_modified_time":"2025-05-07T06:48:10+00:00","twitter_card":"summary_large_image","twitter_misc":{"Gesch\u00e4tzte Lesezeit":"2\u00a0Minuten"},"schema":{"@context":"https:\/\/schema.org","@graph":[{"@type":"WebPage","@id":"https:\/\/cleanroom.si\/de\/forschungslabore\/","url":"https:\/\/cleanroom.si\/de\/forschungslabore\/","name":"Forschungslabore - Karba mge \u010disti prostori","isPartOf":{"@id":"https:\/\/cleanroom.si\/de\/#website"},"datePublished":"2023-08-10T05:50:22+00:00","dateModified":"2025-05-07T06:48:10+00:00","breadcrumb":{"@id":"https:\/\/cleanroom.si\/de\/forschungslabore\/#breadcrumb"},"inLanguage":"de","potentialAction":[{"@type":"ReadAction","target":["https:\/\/cleanroom.si\/de\/forschungslabore\/"]}]},{"@type":"BreadcrumbList","@id":"https:\/\/cleanroom.si\/de\/forschungslabore\/#breadcrumb","itemListElement":[{"@type":"ListItem","position":1,"name":"Home","item":"https:\/\/cleanroom.si\/de\/"},{"@type":"ListItem","position":2,"name":"Forschungslabore"}]},{"@type":"WebSite","@id":"https:\/\/cleanroom.si\/de\/#website","url":"https:\/\/cleanroom.si\/de\/","name":"Karba mge \u010disti prostori","description":"Va\u0161a prva izbira","publisher":{"@id":"https:\/\/cleanroom.si\/de\/#organization"},"potentialAction":[{"@type":"SearchAction","target":{"@type":"EntryPoint","urlTemplate":"https:\/\/cleanroom.si\/de\/?s={search_term_string}"},"query-input":{"@type":"PropertyValueSpecification","valueRequired":true,"valueName":"search_term_string"}}],"inLanguage":"de"},{"@type":"Organization","@id":"https:\/\/cleanroom.si\/de\/#organization","name":"Karba mge \u010disti prostori","url":"https:\/\/cleanroom.si\/de\/","logo":{"@type":"ImageObject","inLanguage":"de","@id":"https:\/\/cleanroom.si\/de\/#\/schema\/logo\/image\/","url":"https:\/\/cleanroom.si\/wp-content\/uploads\/2023\/09\/Karba-mge-clean-rooms-01.svg","contentUrl":"https:\/\/cleanroom.si\/wp-content\/uploads\/2023\/09\/Karba-mge-clean-rooms-01.svg","caption":"Karba mge \u010disti prostori"},"image":{"@id":"https:\/\/cleanroom.si\/de\/#\/schema\/logo\/image\/"}}]}},"_links":{"self":[{"href":"https:\/\/cleanroom.si\/de\/wp-json\/wp\/v2\/pages\/3846","targetHints":{"allow":["GET"]}}],"collection":[{"href":"https:\/\/cleanroom.si\/de\/wp-json\/wp\/v2\/pages"}],"about":[{"href":"https:\/\/cleanroom.si\/de\/wp-json\/wp\/v2\/types\/page"}],"author":[{"embeddable":true,"href":"https:\/\/cleanroom.si\/de\/wp-json\/wp\/v2\/users\/1"}],"replies":[{"embeddable":true,"href":"https:\/\/cleanroom.si\/de\/wp-json\/wp\/v2\/comments?post=3846"}],"version-history":[{"count":1,"href":"https:\/\/cleanroom.si\/de\/wp-json\/wp\/v2\/pages\/3846\/revisions"}],"predecessor-version":[{"id":3847,"href":"https:\/\/cleanroom.si\/de\/wp-json\/wp\/v2\/pages\/3846\/revisions\/3847"}],"wp:attachment":[{"href":"https:\/\/cleanroom.si\/de\/wp-json\/wp\/v2\/media?parent=3846"}],"curies":[{"name":"wp","href":"https:\/\/api.w.org\/{rel}","templated":true}]}}