{"id":3856,"date":"2023-08-10T06:22:57","date_gmt":"2023-08-10T06:22:57","guid":{"rendered":"https:\/\/cleanroom.si\/weitere-branchen\/"},"modified":"2025-05-07T07:17:57","modified_gmt":"2025-05-07T07:17:57","slug":"weitere-branchen","status":"publish","type":"page","link":"https:\/\/cleanroom.si\/de\/weitere-branchen\/","title":{"rendered":"Weitere Branchen"},"content":{"rendered":"\t\t<div data-elementor-type=\"wp-page\" data-elementor-id=\"3856\" class=\"elementor elementor-3856 elementor-359\">\n\t\t\t\t\t\t<section class=\"elementor-section elementor-top-section elementor-element elementor-element-43712c9 elementor-section-height-min-height elementor-section-content-middle elementor-section-stretched elementor-section-boxed elementor-section-height-default elementor-section-items-middle\" data-id=\"43712c9\" data-element_type=\"section\" data-settings=\"{&quot;background_background&quot;:&quot;classic&quot;,&quot;stretch_section&quot;:&quot;section-stretched&quot;,&quot;shape_divider_top&quot;:&quot;tilt&quot;,&quot;shape_divider_bottom&quot;:&quot;tilt&quot;,&quot;animation&quot;:&quot;none&quot;,&quot;animation_delay&quot;:133}\">\n\t\t\t\t\t\t\t<div class=\"elementor-background-overlay\"><\/div>\n\t\t\t\t\t\t<div class=\"elementor-shape elementor-shape-top\" data-negative=\"false\">\n\t\t\t<svg xmlns=\"http:\/\/www.w3.org\/2000\/svg\" viewBox=\"0 0 1000 100\" preserveAspectRatio=\"none\">\n\t<path class=\"elementor-shape-fill\" d=\"M0,6V0h1000v100L0,6z\"\/>\n<\/svg>\t\t<\/div>\n\t\t\t\t<div class=\"elementor-shape elementor-shape-bottom\" data-negative=\"false\">\n\t\t\t<svg xmlns=\"http:\/\/www.w3.org\/2000\/svg\" viewBox=\"0 0 1000 100\" preserveAspectRatio=\"none\">\n\t<path class=\"elementor-shape-fill\" d=\"M0,6V0h1000v100L0,6z\"\/>\n<\/svg>\t\t<\/div>\n\t\t\t\t\t<div class=\"elementor-container elementor-column-gap-default\">\n\t\t\t\t\t<div class=\"elementor-column elementor-col-100 elementor-top-column elementor-element elementor-element-1aafb704\" data-id=\"1aafb704\" data-element_type=\"column\">\n\t\t\t<div class=\"elementor-widget-wrap elementor-element-populated\">\n\t\t\t\t\t\t<div class=\"elementor-element elementor-element-1c629020 elementor-widget elementor-widget-heading\" data-id=\"1c629020\" data-element_type=\"widget\" data-widget_type=\"heading.default\">\n\t\t\t\t<div class=\"elementor-widget-container\">\n\t\t\t<h5 class=\"elementor-heading-title elementor-size-default\">KARBA MGE REINRAUM<\/h5>\t\t<\/div>\n\t\t\t\t<\/div>\n\t\t\t\t<div class=\"elementor-element elementor-element-5b825f01 elementor-widget elementor-widget-heading\" data-id=\"5b825f01\" data-element_type=\"widget\" data-widget_type=\"heading.default\">\n\t\t\t\t<div class=\"elementor-widget-container\">\n\t\t\t<h2 class=\"elementor-heading-title elementor-size-default\">Weitere Branchen<\/h2>\t\t<\/div>\n\t\t\t\t<\/div>\n\t\t\t\t<div class=\"elementor-element elementor-element-5abe9cd6 elementor-widget-divider--view-line elementor-widget elementor-widget-divider\" data-id=\"5abe9cd6\" data-element_type=\"widget\" data-widget_type=\"divider.default\">\n\t\t\t\t<div class=\"elementor-widget-container\">\n\t\t\t\t\t<div class=\"elementor-divider\">\n\t\t\t<span class=\"elementor-divider-separator\">\n\t\t\t\t\t\t<\/span>\n\t\t<\/div>\n\t\t\t\t<\/div>\n\t\t\t\t<\/div>\n\t\t\t\t\t<\/div>\n\t\t<\/div>\n\t\t\t\t\t<\/div>\n\t\t<\/section>\n\t\t\t\t<section class=\"elementor-section elementor-top-section elementor-element elementor-element-5c9c9c79 elementor-section-content-middle elementor-section-boxed elementor-section-height-default elementor-section-height-default\" data-id=\"5c9c9c79\" data-element_type=\"section\">\n\t\t\t\t\t\t\t<div class=\"elementor-background-overlay\"><\/div>\n\t\t\t\t\t\t\t<div class=\"elementor-container elementor-column-gap-no\">\n\t\t\t\t\t<div class=\"elementor-column elementor-col-100 elementor-top-column elementor-element elementor-element-5701a5af\" data-id=\"5701a5af\" data-element_type=\"column\">\n\t\t\t<div class=\"elementor-widget-wrap elementor-element-populated\">\n\t\t\t\t\t\t<div class=\"elementor-element elementor-element-c3bd79e elementor-view-default elementor-position-top elementor-mobile-position-top elementor-widget elementor-widget-icon-box\" data-id=\"c3bd79e\" data-element_type=\"widget\" data-widget_type=\"icon-box.default\">\n\t\t\t\t<div class=\"elementor-widget-container\">\n\t\t\t\t\t<div class=\"elementor-icon-box-wrapper\">\n\n\t\t\t\t\t\t<div class=\"elementor-icon-box-icon\">\n\t\t\t\t<span  class=\"elementor-icon elementor-animation-\">\n\t\t\t\t<i aria-hidden=\"true\" class=\"fas fa-car\"><\/i>\t\t\t\t<\/span>\n\t\t\t<\/div>\n\t\t\t\n\t\t\t\t\t\t<div class=\"elementor-icon-box-content\">\n\n\t\t\t\t\t\t\t\t\t<h4 class=\"elementor-icon-box-title\">\n\t\t\t\t\t\t<span  >\n\t\t\t\t\t\t\tWeitere Branchen\t\t\t\t\t\t<\/span>\n\t\t\t\t\t<\/h4>\n\t\t\t\t\n\t\t\t\t\t\t\t\t\t<p class=\"elementor-icon-box-description\">\n\t\t\t\t\t\tJede Branche hat ihre eigenen Anforderungen\t\t\t\t\t<\/p>\n\t\t\t\t\n\t\t\t<\/div>\n\t\t\t\n\t\t<\/div>\n\t\t\t\t<\/div>\n\t\t\t\t<\/div>\n\t\t\t\t<div class=\"elementor-element elementor-element-6428ab4a elementor-widget elementor-widget-text-editor\" data-id=\"6428ab4a\" data-element_type=\"widget\" data-widget_type=\"text-editor.default\">\n\t\t\t\t<div class=\"elementor-widget-container\">\n\t\t\t\t\t\t\t<p>Nicht jede Branche ist gleich \u2013 jede hat ihre eigenen spezifischen Anforderungen, wenn es um Reinheit und Umweltkontrolle geht. Deshalb bieten wir flexible Reinrauml\u00f6sungen, die f\u00fcr unterschiedlichste Anwendungen und Sektoren geeignet sind \u2013 von der Automobilindustrie \u00fcber Energie, Telekommunikation und die Textilindustrie bis hin zu vielen weiteren Bereichen, die ein streng geregeltes und kontrolliertes Umfeld erfordern.<\/p>\n\t\t\t\t\t\t<\/div>\n\t\t\t\t<\/div>\n\t\t\t\t\t<\/div>\n\t\t<\/div>\n\t\t\t\t\t<\/div>\n\t\t<\/section>\n\t\t\t\t<section class=\"elementor-section elementor-top-section elementor-element elementor-element-346f6125 elementor-section-content-middle elementor-section-stretched elementor-section-boxed elementor-section-height-default elementor-section-height-default\" data-id=\"346f6125\" data-element_type=\"section\" data-settings=\"{&quot;stretch_section&quot;:&quot;section-stretched&quot;,&quot;background_background&quot;:&quot;classic&quot;}\">\n\t\t\t\t\t\t<div class=\"elementor-container elementor-column-gap-no\">\n\t\t\t\t\t<div class=\"elementor-column elementor-col-100 elementor-top-column elementor-element elementor-element-7ecfb66\" data-id=\"7ecfb66\" data-element_type=\"column\">\n\t\t\t<div class=\"elementor-widget-wrap elementor-element-populated\">\n\t\t\t\t\t\t<section class=\"elementor-section elementor-inner-section elementor-element elementor-element-2c3dce4b elementor-section-boxed elementor-section-height-default elementor-section-height-default\" data-id=\"2c3dce4b\" data-element_type=\"section\">\n\t\t\t\t\t\t<div class=\"elementor-container elementor-column-gap-default\">\n\t\t\t\t\t<div class=\"elementor-column elementor-col-50 elementor-inner-column elementor-element elementor-element-79196a06\" data-id=\"79196a06\" data-element_type=\"column\">\n\t\t\t<div class=\"elementor-widget-wrap elementor-element-populated\">\n\t\t\t\t\t\t<div class=\"elementor-element elementor-element-22f5e13e elementor-widget elementor-widget-heading\" data-id=\"22f5e13e\" data-element_type=\"widget\" data-widget_type=\"heading.default\">\n\t\t\t\t<div class=\"elementor-widget-container\">\n\t\t\t<h2 class=\"elementor-heading-title elementor-size-default\">Universelle L\u00f6sung f\u00fcr verschiedene Branchen<\/h2>\t\t<\/div>\n\t\t\t\t<\/div>\n\t\t\t\t<div class=\"elementor-element elementor-element-63281f6f elementor-widget elementor-widget-text-editor\" data-id=\"63281f6f\" data-element_type=\"widget\" data-widget_type=\"text-editor.default\">\n\t\t\t\t<div class=\"elementor-widget-container\">\n\t\t\t\t\t\t\t<p>Unabh\u00e4ngig von der Branche ist Reinheit entscheidend f\u00fcr die Qualit\u00e4t und Sicherheit von Produkten oder Dienstleistungen. Unsere Reinr\u00e4ume bieten eine kontrollierte Umgebung, die sich flexibel an die Anforderungen verschiedenster Industrien anpassen l\u00e4sst \u2013 von der Automobil-, Textil-, Biotechnologie- und Energiebranche bis hin zur Druck- und Luftfahrtindustrie.<\/p>\n\t\t\t\t\t\t<\/div>\n\t\t\t\t<\/div>\n\t\t\t\t\t<\/div>\n\t\t<\/div>\n\t\t\t\t<div class=\"elementor-column elementor-col-50 elementor-inner-column elementor-element elementor-element-58633cd5\" data-id=\"58633cd5\" data-element_type=\"column\">\n\t\t\t<div class=\"elementor-widget-wrap elementor-element-populated\">\n\t\t\t\t\t\t<div class=\"elementor-element elementor-element-1172b36e elementor-widget elementor-widget-heading\" data-id=\"1172b36e\" data-element_type=\"widget\" data-widget_type=\"heading.default\">\n\t\t\t\t<div class=\"elementor-widget-container\">\n\t\t\t<h2 class=\"elementor-heading-title elementor-size-default\">Karba mge Clean Rooms: Ma\u00dfgeschneiderte L\u00f6sungen f\u00fcr jede Branche<\/h2>\t\t<\/div>\n\t\t\t\t<\/div>\n\t\t\t\t<div class=\"elementor-element elementor-element-a78568e elementor-widget elementor-widget-text-editor\" data-id=\"a78568e\" data-element_type=\"widget\" data-widget_type=\"text-editor.default\">\n\t\t\t\t<div class=\"elementor-widget-container\">\n\t\t\t\t\t\t\t<p>Bei KARBA mge d.o.o. verstehen wir, dass jede Branche ihre eigenen spezifischen Anforderungen und Herausforderungen hat. Mit unserem flexiblen Reinraumangebot bieten wir L\u00f6sungen, die individuell auf die besonderen Bed\u00fcrfnisse Ihres Sektors zugeschnitten sind.<\/p>\n\t\t\t\t\t\t<\/div>\n\t\t\t\t<\/div>\n\t\t\t\t\t<\/div>\n\t\t<\/div>\n\t\t\t\t\t<\/div>\n\t\t<\/section>\n\t\t\t\t<section class=\"elementor-section elementor-inner-section elementor-element elementor-element-326089bf elementor-section-boxed elementor-section-height-default elementor-section-height-default\" data-id=\"326089bf\" data-element_type=\"section\">\n\t\t\t\t\t\t<div class=\"elementor-container elementor-column-gap-default\">\n\t\t\t\t\t<div class=\"elementor-column elementor-col-50 elementor-inner-column elementor-element elementor-element-6f377ab1\" data-id=\"6f377ab1\" data-element_type=\"column\">\n\t\t\t<div class=\"elementor-widget-wrap elementor-element-populated\">\n\t\t\t\t\t\t<div class=\"elementor-element elementor-element-20b6d4fe elementor-widget elementor-widget-heading\" data-id=\"20b6d4fe\" data-element_type=\"widget\" data-widget_type=\"heading.default\">\n\t\t\t\t<div class=\"elementor-widget-container\">\n\t\t\t<h2 class=\"elementor-heading-title elementor-size-default\">Innovationen an der Schnittstelle der Branchen<\/h2>\t\t<\/div>\n\t\t\t\t<\/div>\n\t\t\t\t<div class=\"elementor-element elementor-element-37065f42 elementor-widget elementor-widget-text-editor\" data-id=\"37065f42\" data-element_type=\"widget\" data-widget_type=\"text-editor.default\">\n\t\t\t\t<div class=\"elementor-widget-container\">\n\t\t\t\t\t\t\t<p>In einer Welt, in der sich Branchen st\u00e4ndig \u00fcberschneiden und weiterentwickeln, ist Technologie gefragt, die mit diesen Ver\u00e4nderungen Schritt h\u00e4lt. Unsere Reinr\u00e4ume nutzen modernste Technologien und innovative Ans\u00e4tze, um sicherzustellen, dass Sie Ihrer Konkurrenz immer einen Schritt voraus sind \u2013 ganz gleich, in welcher Branche Sie t\u00e4tig sind.<\/p>\n\t\t\t\t\t\t<\/div>\n\t\t\t\t<\/div>\n\t\t\t\t\t<\/div>\n\t\t<\/div>\n\t\t\t\t<div class=\"elementor-column elementor-col-50 elementor-inner-column elementor-element elementor-element-777f3334\" data-id=\"777f3334\" data-element_type=\"column\">\n\t\t\t<div class=\"elementor-widget-wrap elementor-element-populated\">\n\t\t\t\t\t\t<div class=\"elementor-element elementor-element-6eda669c elementor-widget elementor-widget-heading\" data-id=\"6eda669c\" data-element_type=\"widget\" data-widget_type=\"heading.default\">\n\t\t\t\t<div class=\"elementor-widget-container\">\n\t\t\t<h2 class=\"elementor-heading-title elementor-size-default\">Die Zukunft der Reinr\u00e4ume in verschiedenen Branchen<\/h2>\t\t<\/div>\n\t\t\t\t<\/div>\n\t\t\t\t<div class=\"elementor-element elementor-element-2f66cf22 elementor-widget elementor-widget-text-editor\" data-id=\"2f66cf22\" data-element_type=\"widget\" data-widget_type=\"text-editor.default\">\n\t\t\t\t<div class=\"elementor-widget-container\">\n\t\t\t\t\t\t\t<p>Wir entwickeln uns st\u00e4ndig weiter und passen uns an, um den Anforderungen verschiedenster Branchen gerecht zu werden. Unsere Vision ist es, Reinr\u00e4ume bereitzustellen, die stets bereit sind f\u00fcr die Herausforderungen und Chancen, die die globale industrielle Entwicklung mit sich bringt.<\/p>\n\t\t\t\t\t\t<\/div>\n\t\t\t\t<\/div>\n\t\t\t\t\t<\/div>\n\t\t<\/div>\n\t\t\t\t\t<\/div>\n\t\t<\/section>\n\t\t\t\t\t<\/div>\n\t\t<\/div>\n\t\t\t\t\t<\/div>\n\t\t<\/section>\n\t\t\t\t<section class=\"elementor-section elementor-top-section elementor-element elementor-element-66eaf51b elementor-section-content-middle elementor-section-boxed elementor-section-height-default elementor-section-height-default\" data-id=\"66eaf51b\" data-element_type=\"section\">\n\t\t\t\t\t\t\t<div class=\"elementor-background-overlay\"><\/div>\n\t\t\t\t\t\t\t<div class=\"elementor-container elementor-column-gap-no\">\n\t\t\t\t\t<div class=\"elementor-column elementor-col-100 elementor-top-column elementor-element elementor-element-20075a72\" data-id=\"20075a72\" data-element_type=\"column\">\n\t\t\t<div class=\"elementor-widget-wrap elementor-element-populated\">\n\t\t\t\t\t\t<div class=\"elementor-element elementor-element-6eb25e74 elementor-view-default elementor-position-top elementor-mobile-position-top elementor-widget elementor-widget-icon-box\" data-id=\"6eb25e74\" data-element_type=\"widget\" data-widget_type=\"icon-box.default\">\n\t\t\t\t<div class=\"elementor-widget-container\">\n\t\t\t\t\t<div class=\"elementor-icon-box-wrapper\">\n\n\t\t\t\t\t\t<div class=\"elementor-icon-box-icon\">\n\t\t\t\t<span  class=\"elementor-icon elementor-animation-\">\n\t\t\t\t<i aria-hidden=\"true\" class=\"fas fa-grin-wink\"><\/i>\t\t\t\t<\/span>\n\t\t\t<\/div>\n\t\t\t\n\t\t\t\t\t\t<div class=\"elementor-icon-box-content\">\n\n\t\t\t\t\t\t\t\t\t<h4 class=\"elementor-icon-box-title\">\n\t\t\t\t\t\t<span  >\n\t\t\t\t\t\t\tKontaktieren Sie uns noch heute\t\t\t\t\t\t<\/span>\n\t\t\t\t\t<\/h4>\n\t\t\t\t\n\t\t\t\t\t\t\t\t\t<p class=\"elementor-icon-box-description\">\n\t\t\t\t\t\tSchlie\u00dfen Sie sich unseren zufriedenen Kunden an\t\t\t\t\t<\/p>\n\t\t\t\t\n\t\t\t<\/div>\n\t\t\t\n\t\t<\/div>\n\t\t\t\t<\/div>\n\t\t\t\t<\/div>\n\t\t\t\t<div class=\"elementor-element elementor-element-534302d2 elementor-widget elementor-widget-text-editor\" data-id=\"534302d2\" data-element_type=\"widget\" data-widget_type=\"text-editor.default\">\n\t\t\t\t<div class=\"elementor-widget-container\">\n\t\t\t\t\t\t\tUnser Expertenteam steht Ihnen jederzeit zur Verf\u00fcgung, um Sie bei allen Fragen oder Anliegen rund um unsere Produkte und Dienstleistungen zu unterst\u00fctzen.<br><br>Kontaktieren Sie uns noch heute und erfahren Sie, was wir f\u00fcr Sie tun k\u00f6nnen.\t\t\t\t\t\t<\/div>\n\t\t\t\t<\/div>\n\t\t\t\t<div class=\"elementor-element elementor-element-6e88a967 elementor-align-center elementor-widget elementor-widget-button\" data-id=\"6e88a967\" data-element_type=\"widget\" data-widget_type=\"button.default\">\n\t\t\t\t<div class=\"elementor-widget-container\">\n\t\t\t\t\t\t\t<div class=\"elementor-button-wrapper\">\n\t\t\t\t\t<a class=\"elementor-button elementor-button-link elementor-size-sm elementor-animation-grow\" href=\"https:\/\/cleanroom.si\/de\/ueber-das-unternehmen\/\">\n\t\t\t\t\t\t<span class=\"elementor-button-content-wrapper\">\n\t\t\t\t\t\t\t\t\t<span class=\"elementor-button-text\">KONTAKT<\/span>\n\t\t\t\t\t<\/span>\n\t\t\t\t\t<\/a>\n\t\t\t\t<\/div>\n\t\t\t\t\t\t<\/div>\n\t\t\t\t<\/div>\n\t\t\t\t\t<\/div>\n\t\t<\/div>\n\t\t\t\t\t<\/div>\n\t\t<\/section>\n\t\t\t\t<\/div>\n\t\t","protected":false},"excerpt":{"rendered":"<p>KARBA MGE REINRAUM Weitere Branchen Weitere Branchen Jede Branche hat ihre eigenen Anforderungen Nicht jede Branche ist gleich \u2013 jede hat ihre eigenen spezifischen Anforderungen, wenn es um Reinheit und Umweltkontrolle geht. Deshalb bieten wir flexible Reinrauml\u00f6sungen, die f\u00fcr unterschiedlichste Anwendungen und Sektoren geeignet sind \u2013 von der Automobilindustrie \u00fcber Energie, Telekommunikation und die Textilindustrie&#8230; <a class=\"moretag\" \n href=\"https:\/\/cleanroom.si\/de\/weitere-branchen\/\">Preberite ve\u010d<\/a><\/p>\n","protected":false},"author":1,"featured_media":0,"parent":0,"menu_order":0,"comment_status":"closed","ping_status":"closed","template":"","meta":{"inline_featured_image":false,"footnotes":""},"class_list":["post-3856","page","type-page","status-publish"],"yoast_head":"<!-- This site is optimized with the Yoast SEO plugin v26.5 - https:\/\/yoast.com\/wordpress\/plugins\/seo\/ -->\n<title>Weitere Branchen - Karba mge \u010disti prostori<\/title>\n<meta name=\"robots\" content=\"index, follow, max-snippet:-1, max-image-preview:large, max-video-preview:-1\" \/>\n<link rel=\"canonical\" href=\"https:\/\/cleanroom.si\/de\/weitere-branchen\/\" \/>\n<meta property=\"og:locale\" content=\"de_DE\" \/>\n<meta property=\"og:type\" content=\"article\" \/>\n<meta property=\"og:title\" content=\"Weitere Branchen - Karba mge \u010disti prostori\" \/>\n<meta property=\"og:description\" content=\"KARBA MGE REINRAUM Weitere Branchen Weitere Branchen Jede Branche hat ihre eigenen Anforderungen Nicht jede Branche ist gleich \u2013 jede hat ihre eigenen spezifischen Anforderungen, wenn es um Reinheit und Umweltkontrolle geht. Deshalb bieten wir flexible Reinrauml\u00f6sungen, die f\u00fcr unterschiedlichste Anwendungen und Sektoren geeignet sind \u2013 von der Automobilindustrie \u00fcber Energie, Telekommunikation und die Textilindustrie... Preberite ve\u010d\" \/>\n<meta property=\"og:url\" content=\"https:\/\/cleanroom.si\/de\/weitere-branchen\/\" \/>\n<meta property=\"og:site_name\" content=\"Karba mge \u010disti prostori\" \/>\n<meta property=\"article:modified_time\" content=\"2025-05-07T07:17:57+00:00\" \/>\n<meta name=\"twitter:card\" content=\"summary_large_image\" \/>\n<meta name=\"twitter:label1\" content=\"Gesch\u00e4tzte Lesezeit\" \/>\n\t<meta name=\"twitter:data1\" content=\"2\u00a0Minuten\" \/>\n<script type=\"application\/ld+json\" class=\"yoast-schema-graph\">{\"@context\":\"https:\/\/schema.org\",\"@graph\":[{\"@type\":\"WebPage\",\"@id\":\"https:\/\/cleanroom.si\/de\/weitere-branchen\/\",\"url\":\"https:\/\/cleanroom.si\/de\/weitere-branchen\/\",\"name\":\"Weitere Branchen - Karba mge \u010disti prostori\",\"isPartOf\":{\"@id\":\"https:\/\/cleanroom.si\/de\/#website\"},\"datePublished\":\"2023-08-10T06:22:57+00:00\",\"dateModified\":\"2025-05-07T07:17:57+00:00\",\"breadcrumb\":{\"@id\":\"https:\/\/cleanroom.si\/de\/weitere-branchen\/#breadcrumb\"},\"inLanguage\":\"de\",\"potentialAction\":[{\"@type\":\"ReadAction\",\"target\":[\"https:\/\/cleanroom.si\/de\/weitere-branchen\/\"]}]},{\"@type\":\"BreadcrumbList\",\"@id\":\"https:\/\/cleanroom.si\/de\/weitere-branchen\/#breadcrumb\",\"itemListElement\":[{\"@type\":\"ListItem\",\"position\":1,\"name\":\"Home\",\"item\":\"https:\/\/cleanroom.si\/de\/\"},{\"@type\":\"ListItem\",\"position\":2,\"name\":\"Weitere Branchen\"}]},{\"@type\":\"WebSite\",\"@id\":\"https:\/\/cleanroom.si\/de\/#website\",\"url\":\"https:\/\/cleanroom.si\/de\/\",\"name\":\"Karba mge \u010disti prostori\",\"description\":\"Va\u0161a prva izbira\",\"publisher\":{\"@id\":\"https:\/\/cleanroom.si\/de\/#organization\"},\"potentialAction\":[{\"@type\":\"SearchAction\",\"target\":{\"@type\":\"EntryPoint\",\"urlTemplate\":\"https:\/\/cleanroom.si\/de\/?s={search_term_string}\"},\"query-input\":{\"@type\":\"PropertyValueSpecification\",\"valueRequired\":true,\"valueName\":\"search_term_string\"}}],\"inLanguage\":\"de\"},{\"@type\":\"Organization\",\"@id\":\"https:\/\/cleanroom.si\/de\/#organization\",\"name\":\"Karba mge \u010disti prostori\",\"url\":\"https:\/\/cleanroom.si\/de\/\",\"logo\":{\"@type\":\"ImageObject\",\"inLanguage\":\"de\",\"@id\":\"https:\/\/cleanroom.si\/de\/#\/schema\/logo\/image\/\",\"url\":\"https:\/\/cleanroom.si\/wp-content\/uploads\/2023\/09\/Karba-mge-clean-rooms-01.svg\",\"contentUrl\":\"https:\/\/cleanroom.si\/wp-content\/uploads\/2023\/09\/Karba-mge-clean-rooms-01.svg\",\"caption\":\"Karba mge \u010disti prostori\"},\"image\":{\"@id\":\"https:\/\/cleanroom.si\/de\/#\/schema\/logo\/image\/\"}}]}<\/script>\n<!-- \/ Yoast SEO plugin. -->","yoast_head_json":{"title":"Weitere Branchen - Karba mge \u010disti prostori","robots":{"index":"index","follow":"follow","max-snippet":"max-snippet:-1","max-image-preview":"max-image-preview:large","max-video-preview":"max-video-preview:-1"},"canonical":"https:\/\/cleanroom.si\/de\/weitere-branchen\/","og_locale":"de_DE","og_type":"article","og_title":"Weitere Branchen - Karba mge \u010disti prostori","og_description":"KARBA MGE REINRAUM Weitere Branchen Weitere Branchen Jede Branche hat ihre eigenen Anforderungen Nicht jede Branche ist gleich \u2013 jede hat ihre eigenen spezifischen Anforderungen, wenn es um Reinheit und Umweltkontrolle geht. Deshalb bieten wir flexible Reinrauml\u00f6sungen, die f\u00fcr unterschiedlichste Anwendungen und Sektoren geeignet sind \u2013 von der Automobilindustrie \u00fcber Energie, Telekommunikation und die Textilindustrie... Preberite ve\u010d","og_url":"https:\/\/cleanroom.si\/de\/weitere-branchen\/","og_site_name":"Karba mge \u010disti prostori","article_modified_time":"2025-05-07T07:17:57+00:00","twitter_card":"summary_large_image","twitter_misc":{"Gesch\u00e4tzte Lesezeit":"2\u00a0Minuten"},"schema":{"@context":"https:\/\/schema.org","@graph":[{"@type":"WebPage","@id":"https:\/\/cleanroom.si\/de\/weitere-branchen\/","url":"https:\/\/cleanroom.si\/de\/weitere-branchen\/","name":"Weitere Branchen - Karba mge \u010disti prostori","isPartOf":{"@id":"https:\/\/cleanroom.si\/de\/#website"},"datePublished":"2023-08-10T06:22:57+00:00","dateModified":"2025-05-07T07:17:57+00:00","breadcrumb":{"@id":"https:\/\/cleanroom.si\/de\/weitere-branchen\/#breadcrumb"},"inLanguage":"de","potentialAction":[{"@type":"ReadAction","target":["https:\/\/cleanroom.si\/de\/weitere-branchen\/"]}]},{"@type":"BreadcrumbList","@id":"https:\/\/cleanroom.si\/de\/weitere-branchen\/#breadcrumb","itemListElement":[{"@type":"ListItem","position":1,"name":"Home","item":"https:\/\/cleanroom.si\/de\/"},{"@type":"ListItem","position":2,"name":"Weitere Branchen"}]},{"@type":"WebSite","@id":"https:\/\/cleanroom.si\/de\/#website","url":"https:\/\/cleanroom.si\/de\/","name":"Karba mge \u010disti prostori","description":"Va\u0161a prva izbira","publisher":{"@id":"https:\/\/cleanroom.si\/de\/#organization"},"potentialAction":[{"@type":"SearchAction","target":{"@type":"EntryPoint","urlTemplate":"https:\/\/cleanroom.si\/de\/?s={search_term_string}"},"query-input":{"@type":"PropertyValueSpecification","valueRequired":true,"valueName":"search_term_string"}}],"inLanguage":"de"},{"@type":"Organization","@id":"https:\/\/cleanroom.si\/de\/#organization","name":"Karba mge \u010disti prostori","url":"https:\/\/cleanroom.si\/de\/","logo":{"@type":"ImageObject","inLanguage":"de","@id":"https:\/\/cleanroom.si\/de\/#\/schema\/logo\/image\/","url":"https:\/\/cleanroom.si\/wp-content\/uploads\/2023\/09\/Karba-mge-clean-rooms-01.svg","contentUrl":"https:\/\/cleanroom.si\/wp-content\/uploads\/2023\/09\/Karba-mge-clean-rooms-01.svg","caption":"Karba mge \u010disti prostori"},"image":{"@id":"https:\/\/cleanroom.si\/de\/#\/schema\/logo\/image\/"}}]}},"_links":{"self":[{"href":"https:\/\/cleanroom.si\/de\/wp-json\/wp\/v2\/pages\/3856","targetHints":{"allow":["GET"]}}],"collection":[{"href":"https:\/\/cleanroom.si\/de\/wp-json\/wp\/v2\/pages"}],"about":[{"href":"https:\/\/cleanroom.si\/de\/wp-json\/wp\/v2\/types\/page"}],"author":[{"embeddable":true,"href":"https:\/\/cleanroom.si\/de\/wp-json\/wp\/v2\/users\/1"}],"replies":[{"embeddable":true,"href":"https:\/\/cleanroom.si\/de\/wp-json\/wp\/v2\/comments?post=3856"}],"version-history":[{"count":1,"href":"https:\/\/cleanroom.si\/de\/wp-json\/wp\/v2\/pages\/3856\/revisions"}],"predecessor-version":[{"id":3857,"href":"https:\/\/cleanroom.si\/de\/wp-json\/wp\/v2\/pages\/3856\/revisions\/3857"}],"wp:attachment":[{"href":"https:\/\/cleanroom.si\/de\/wp-json\/wp\/v2\/media?parent=3856"}],"curies":[{"name":"wp","href":"https:\/\/api.w.org\/{rel}","templated":true}]}}