{"id":3862,"date":"2023-08-09T11:42:21","date_gmt":"2023-08-09T11:42:21","guid":{"rendered":"https:\/\/cleanroom.si\/decken\/"},"modified":"2025-05-07T09:55:41","modified_gmt":"2025-05-07T09:55:41","slug":"decken","status":"publish","type":"page","link":"https:\/\/cleanroom.si\/de\/decken\/","title":{"rendered":"Decken"},"content":{"rendered":"\t\t<div data-elementor-type=\"wp-page\" data-elementor-id=\"3862\" class=\"elementor elementor-3862 elementor-284\">\n\t\t\t\t\t\t<section class=\"elementor-section elementor-top-section elementor-element elementor-element-2329f4ce elementor-section-height-min-height elementor-section-content-middle elementor-section-stretched elementor-section-boxed elementor-section-height-default elementor-section-items-middle\" data-id=\"2329f4ce\" data-element_type=\"section\" data-settings=\"{&quot;background_background&quot;:&quot;classic&quot;,&quot;stretch_section&quot;:&quot;section-stretched&quot;,&quot;shape_divider_top&quot;:&quot;tilt&quot;,&quot;shape_divider_bottom&quot;:&quot;tilt&quot;,&quot;animation&quot;:&quot;none&quot;,&quot;animation_delay&quot;:133}\">\n\t\t\t\t\t\t\t<div class=\"elementor-background-overlay\"><\/div>\n\t\t\t\t\t\t<div class=\"elementor-shape elementor-shape-top\" data-negative=\"false\">\n\t\t\t<svg xmlns=\"http:\/\/www.w3.org\/2000\/svg\" viewBox=\"0 0 1000 100\" preserveAspectRatio=\"none\">\n\t<path class=\"elementor-shape-fill\" d=\"M0,6V0h1000v100L0,6z\"\/>\n<\/svg>\t\t<\/div>\n\t\t\t\t<div class=\"elementor-shape elementor-shape-bottom\" data-negative=\"false\">\n\t\t\t<svg xmlns=\"http:\/\/www.w3.org\/2000\/svg\" viewBox=\"0 0 1000 100\" preserveAspectRatio=\"none\">\n\t<path class=\"elementor-shape-fill\" d=\"M0,6V0h1000v100L0,6z\"\/>\n<\/svg>\t\t<\/div>\n\t\t\t\t\t<div class=\"elementor-container elementor-column-gap-default\">\n\t\t\t\t\t<div class=\"elementor-column elementor-col-100 elementor-top-column elementor-element elementor-element-15f2c08d\" data-id=\"15f2c08d\" data-element_type=\"column\">\n\t\t\t<div class=\"elementor-widget-wrap elementor-element-populated\">\n\t\t\t\t\t\t<div class=\"elementor-element elementor-element-664c736b elementor-widget elementor-widget-heading\" data-id=\"664c736b\" data-element_type=\"widget\" data-widget_type=\"heading.default\">\n\t\t\t\t<div class=\"elementor-widget-container\">\n\t\t\t<h5 class=\"elementor-heading-title elementor-size-default\">KARBA MGE REINRAUM<\/h5>\t\t<\/div>\n\t\t\t\t<\/div>\n\t\t\t\t<div class=\"elementor-element elementor-element-4413d964 elementor-widget elementor-widget-heading\" data-id=\"4413d964\" data-element_type=\"widget\" data-widget_type=\"heading.default\">\n\t\t\t\t<div class=\"elementor-widget-container\">\n\t\t\t<h2 class=\"elementor-heading-title elementor-size-default\">Decken<\/h2>\t\t<\/div>\n\t\t\t\t<\/div>\n\t\t\t\t<div class=\"elementor-element elementor-element-221baa1b elementor-widget-divider--view-line elementor-widget elementor-widget-divider\" data-id=\"221baa1b\" data-element_type=\"widget\" data-widget_type=\"divider.default\">\n\t\t\t\t<div class=\"elementor-widget-container\">\n\t\t\t\t\t<div class=\"elementor-divider\">\n\t\t\t<span class=\"elementor-divider-separator\">\n\t\t\t\t\t\t<\/span>\n\t\t<\/div>\n\t\t\t\t<\/div>\n\t\t\t\t<\/div>\n\t\t\t\t\t<\/div>\n\t\t<\/div>\n\t\t\t\t\t<\/div>\n\t\t<\/section>\n\t\t\t\t<section class=\"elementor-section elementor-top-section elementor-element elementor-element-14e8eefb elementor-section-content-middle elementor-section-boxed elementor-section-height-default elementor-section-height-default\" data-id=\"14e8eefb\" data-element_type=\"section\">\n\t\t\t\t\t\t\t<div class=\"elementor-background-overlay\"><\/div>\n\t\t\t\t\t\t\t<div class=\"elementor-container elementor-column-gap-no\">\n\t\t\t\t\t<div class=\"elementor-column elementor-col-100 elementor-top-column elementor-element elementor-element-5c76ddda\" data-id=\"5c76ddda\" data-element_type=\"column\">\n\t\t\t<div class=\"elementor-widget-wrap elementor-element-populated\">\n\t\t\t\t\t\t<div class=\"elementor-element elementor-element-6f8b2d9e elementor-view-default elementor-position-top elementor-mobile-position-top elementor-widget elementor-widget-icon-box\" data-id=\"6f8b2d9e\" data-element_type=\"widget\" data-widget_type=\"icon-box.default\">\n\t\t\t\t<div class=\"elementor-widget-container\">\n\t\t\t\t\t<div class=\"elementor-icon-box-wrapper\">\n\n\t\t\t\t\t\t<div class=\"elementor-icon-box-icon\">\n\t\t\t\t<span  class=\"elementor-icon elementor-animation-\">\n\t\t\t\t<i aria-hidden=\"true\" class=\"fas fa-grip-vertical\"><\/i>\t\t\t\t<\/span>\n\t\t\t<\/div>\n\t\t\t\n\t\t\t\t\t\t<div class=\"elementor-icon-box-content\">\n\n\t\t\t\t\t\t\t\t\t<h4 class=\"elementor-icon-box-title\">\n\t\t\t\t\t\t<span  >\n\t\t\t\t\t\t\tDecken\t\t\t\t\t\t<\/span>\n\t\t\t\t\t<\/h4>\n\t\t\t\t\n\t\t\t\t\t\t\t\t\t<p class=\"elementor-icon-box-description\">\n\t\t\t\t\t\tDecken f\u00fcr absolute Reinheit\t\t\t\t\t<\/p>\n\t\t\t\t\n\t\t\t<\/div>\n\t\t\t\n\t\t<\/div>\n\t\t\t\t<\/div>\n\t\t\t\t<\/div>\n\t\t\t\t<div class=\"elementor-element elementor-element-58a0e56f elementor-widget elementor-widget-text-editor\" data-id=\"58a0e56f\" data-element_type=\"widget\" data-widget_type=\"text-editor.default\">\n\t\t\t\t<div class=\"elementor-widget-container\">\n\t\t\t\t\t\t\t<p>Unsere Decken sind mehr als nur ein Teil der Struktur \u2013 sie sind ein entscheidender Bestandteil zur Gew\u00e4hrleistung von Sterilit\u00e4t und Kontrolle in Umgebungen, in denen dies von gr\u00f6\u00dfter Bedeutung ist. Gefertigt aus modularen Aluminium- oder Stahlpaneelen mit Au\u00dfenverkleidung, sind unsere Decken speziell auf die Anforderungen Ihrer Prozesse sowie auf Reinigungs- und Hygienestandards abgestimmt.<\/p>\n\t\t\t\t\t\t<\/div>\n\t\t\t\t<\/div>\n\t\t\t\t\t<\/div>\n\t\t<\/div>\n\t\t\t\t\t<\/div>\n\t\t<\/section>\n\t\t\t\t<section class=\"elementor-section elementor-top-section elementor-element elementor-element-5977ff73 elementor-section-content-middle elementor-section-stretched elementor-section-boxed elementor-section-height-default elementor-section-height-default\" data-id=\"5977ff73\" data-element_type=\"section\" data-settings=\"{&quot;stretch_section&quot;:&quot;section-stretched&quot;,&quot;background_background&quot;:&quot;classic&quot;}\">\n\t\t\t\t\t\t<div class=\"elementor-container elementor-column-gap-no\">\n\t\t\t\t\t<div class=\"elementor-column elementor-col-100 elementor-top-column elementor-element elementor-element-2d89b52\" data-id=\"2d89b52\" data-element_type=\"column\">\n\t\t\t<div class=\"elementor-widget-wrap elementor-element-populated\">\n\t\t\t\t\t\t<section class=\"elementor-section elementor-inner-section elementor-element elementor-element-4371bc61 elementor-section-boxed elementor-section-height-default elementor-section-height-default\" data-id=\"4371bc61\" data-element_type=\"section\">\n\t\t\t\t\t\t<div class=\"elementor-container elementor-column-gap-default\">\n\t\t\t\t\t<div class=\"elementor-column elementor-col-50 elementor-inner-column elementor-element elementor-element-17196453\" data-id=\"17196453\" data-element_type=\"column\">\n\t\t\t<div class=\"elementor-widget-wrap elementor-element-populated\">\n\t\t\t\t\t\t<div class=\"elementor-element elementor-element-73bc91bb elementor-widget elementor-widget-heading\" data-id=\"73bc91bb\" data-element_type=\"widget\" data-widget_type=\"heading.default\">\n\t\t\t\t<div class=\"elementor-widget-container\">\n\t\t\t<h2 class=\"elementor-heading-title elementor-size-default\">Deckenpaneele f\u00fcr all Ihre Anforderungen<\/h2>\t\t<\/div>\n\t\t\t\t<\/div>\n\t\t\t\t<div class=\"elementor-element elementor-element-75727087 elementor-widget elementor-widget-text-editor\" data-id=\"75727087\" data-element_type=\"widget\" data-widget_type=\"text-editor.default\">\n\t\t\t\t<div class=\"elementor-widget-container\">\n\t\t\t\t\t\t\t<ul>\n<li><strong>Nicht begehbare Decke (Aluminium oder Stahl): <\/strong>Optimales Preis-Leistungs-Verh\u00e4ltnis und hohe Langlebigkeit in einem. F\u00fcr R\u00e4ume, die Stabilit\u00e4t ohne zus\u00e4tzliches Gewicht erfordern.<\/li>\n<\/ul>\n<p><\/p>\n<ul>\n<li><strong>Begehbare Decke (Aluminium oder Stahl): <\/strong>Die perfekte Kombination aus Belastbarkeit und Zug\u00e4nglichkeit. Ideal f\u00fcr alle, die zus\u00e4tzliche Flexibilit\u00e4t ben\u00f6tigen.<\/li>\n<\/ul>\n<p><\/p>\n<ul>\n<li><strong>AL-Rasterdecke 625: <\/strong>Design und Funktionalit\u00e4t im Einklang. Eine elegante L\u00f6sung f\u00fcr moderne R\u00e4ume.<\/li>\n<\/ul>\n<p>Jede Decke ist f\u00fcr eine pr\u00e4zise Installation mit gleichm\u00e4\u00dfigen, dauerhaft mit Silikonband abgedichteten Fugen konzipiert \u2013 perfekt abgestimmt auf Reinraumanforderungen. Passen Sie Ihre Decke individuell an: mit ma\u00dfgeschneiderten Aussparungen f\u00fcr Bel\u00fcftung und Beleuchtung, die exakt nach Ihren Vorgaben umgesetzt werden.<\/p>\n\t\t\t\t\t\t<\/div>\n\t\t\t\t<\/div>\n\t\t\t\t\t<\/div>\n\t\t<\/div>\n\t\t\t\t<div class=\"elementor-column elementor-col-50 elementor-inner-column elementor-element elementor-element-60e92746\" data-id=\"60e92746\" data-element_type=\"column\">\n\t\t\t<div class=\"elementor-widget-wrap elementor-element-populated\">\n\t\t\t\t\t\t<div class=\"elementor-element elementor-element-1fd7bdb8 elementor-widget elementor-widget-heading\" data-id=\"1fd7bdb8\" data-element_type=\"widget\" data-widget_type=\"heading.default\">\n\t\t\t\t<div class=\"elementor-widget-container\">\n\t\t\t<h2 class=\"elementor-heading-title elementor-size-default\">Zubeh\u00f6r, das Ihren Stil unterstreicht<\/h2>\t\t<\/div>\n\t\t\t\t<\/div>\n\t\t\t\t<div class=\"elementor-element elementor-element-748e8633 elementor-widget elementor-widget-text-editor\" data-id=\"748e8633\" data-element_type=\"widget\" data-widget_type=\"text-editor.default\">\n\t\t\t\t<div class=\"elementor-widget-container\">\n\t\t\t\t\t\t\t<ul>\r\n \t<li><strong>Flexibilit\u00e4t: <\/strong>Unser konstruktives Deckensystem bietet die M\u00f6glichkeit f\u00fcr s\u00e4mtliche Arten von Ausschnitten \u2013 ob f\u00fcr Klimaanlagen, Beleuchtung oder andere individuelle Anpassungen nach Ihren Vorgaben. Zus\u00e4tzliche Ausschnitte sind verf\u00fcgbar, um eine perfekte Abstimmung auf Ihre Anforderungen zu gew\u00e4hrleisten.<\/li>\r\n<\/ul><br><ul>\r\n \t<li><strong>Funktionalit\u00e4t: <\/strong>\u00c4sthetische Abschlussverbindungen mit Aluminiumprofilen oder abgerundeten \u00dcberg\u00e4ngen erm\u00f6glichen einfache Reinigung und maximale Alltagstauglichkeit. W\u00e4hlen Sie aus verschiedenen Gr\u00f6\u00dfen und Profilformen, um sich ideal an Ihre Umgebung anzupassen.<\/li>\r\n<\/ul><br>Wir entwickeln L\u00f6sungen, die genau auf Sie zugeschnitten sind. Entdecken Sie, wie unser Sortiment an Deckenpaneelen und Zubeh\u00f6r Ihre Vision eines optimalen Reinraums Wirklichkeit werden l\u00e4sst.\t\t\t\t\t\t<\/div>\n\t\t\t\t<\/div>\n\t\t\t\t\t<\/div>\n\t\t<\/div>\n\t\t\t\t\t<\/div>\n\t\t<\/section>\n\t\t\t\t\t<\/div>\n\t\t<\/div>\n\t\t\t\t\t<\/div>\n\t\t<\/section>\n\t\t\t\t<section class=\"elementor-section elementor-top-section elementor-element elementor-element-d5a0367 elementor-section-boxed elementor-section-height-default elementor-section-height-default\" data-id=\"d5a0367\" data-element_type=\"section\">\n\t\t\t\t\t\t<div class=\"elementor-container elementor-column-gap-default\">\n\t\t\t\t\t<div class=\"elementor-column elementor-col-100 elementor-top-column elementor-element elementor-element-f01fbe5\" data-id=\"f01fbe5\" data-element_type=\"column\">\n\t\t\t<div class=\"elementor-widget-wrap elementor-element-populated\">\n\t\t\t\t\t\t<div class=\"elementor-element elementor-element-719f969 elementor-widget elementor-widget-heading\" data-id=\"719f969\" data-element_type=\"widget\" data-widget_type=\"heading.default\">\n\t\t\t\t<div class=\"elementor-widget-container\">\n\t\t\t<h2 class=\"elementor-heading-title elementor-size-default\">Technische Daten<\/h2>\t\t<\/div>\n\t\t\t\t<\/div>\n\t\t\t\t\t<\/div>\n\t\t<\/div>\n\t\t\t\t\t<\/div>\n\t\t<\/section>\n\t\t\t\t<section class=\"elementor-section elementor-top-section elementor-element elementor-element-52bbb71 elementor-section-boxed elementor-section-height-default elementor-section-height-default\" data-id=\"52bbb71\" data-element_type=\"section\" data-settings=\"{&quot;background_background&quot;:&quot;classic&quot;}\">\n\t\t\t\t\t\t<div class=\"elementor-container elementor-column-gap-default\">\n\t\t\t\t\t<div class=\"elementor-column elementor-col-100 elementor-top-column elementor-element elementor-element-46c3ed9\" data-id=\"46c3ed9\" data-element_type=\"column\">\n\t\t\t<div class=\"elementor-widget-wrap elementor-element-populated\">\n\t\t\t\t\t\t<div class=\"elementor-element elementor-element-92c1268 elementor-widget elementor-widget-html\" data-id=\"92c1268\" data-element_type=\"widget\" data-widget_type=\"html.default\">\n\t\t\t\t<div class=\"elementor-widget-container\">\n\t\t\t<table><tbody><tr><td><strong>System<\/strong><\/td><td><strong>CLR-C-AL-32<\/strong><strong><\/strong><\/td><td><strong>CLR-C-AL-50W<\/strong><strong><\/strong><\/td><td><strong>CLR-C-S-32<\/strong><strong><\/strong><\/td><td><strong>CLR-C-S-50W<\/strong><strong><\/strong><\/td><td><strong>CLR-C-RA-625<\/strong><strong><\/strong><\/td><\/tr><tr><td>Material<\/td><td>Aluminium<\/td><td>Aluminium<\/td><td>Stahlblech<\/td><td>Stahlblech<\/td><td>Aluminium<\/td><\/tr><tr><td>Dicke<\/td><td>1 mm<\/td><td>1 mm<\/td><td>0,7 mm<\/td><td>0,7 mm<\/td><td>1,0 mm<\/td><\/tr><tr><td>Gestell<\/td><td>Aluminium<\/td><td>Aluminium<\/td><td>Aluminium<\/td><td>Aluminiumgitter<\/td><td>625 Modulgitter<\/td><\/tr><tr><td>F\u00fcllung<\/td><td>Steinwolle 100\u202fkg\/m3 Styropor 35\u202fkg\/m3<\/td><td>Steinwolle 100\u202fkg\/m3<\/td><td>Steinwolle 100\u202fkg\/m3 Styropor 35\u202fkg\/m3<\/td><td>Steinwolle 100\u202fkg\/m3<\/td><td>Aluminium-Modulkassette<\/td><\/tr><tr><td>Deckendicke<\/td><td>32 mm<\/td><td>50 mm<\/td><td>32 mm<\/td><td>50 mm<\/td><td>40 mm<\/td><\/tr><tr><td>Standarddurchmesser<\/td><td>Bis 1.220 mm<\/td><td>Bis 1.220 mm<\/td><td>Bis 1.220 mm<\/td><td>Bis 1.220 mm<\/td><td rowspan=\"2\">625 x 625 mm (Standard) 625 x 1250 mm (optional)<\/td><\/tr><tr><td>Standardl\u00e4nge<\/td><td>Bis 3.000 mm<\/td><td>Bis 3.000 mm<\/td><td>Bis 3.000 mm<\/td><td>Bis 3.000 mm<\/td><\/tr><tr><td>Farbbeschichtung<\/td><td>Polyesterbasis 25\u202f\u00b5m + Schutzfolie<\/td><td>Polyesterbasis 25\u202f\u00b5m + Schutzfolie<\/td><td>Polyesterbasis 25\u202f\u00b5m + Schutzfolie<\/td><td>Polyesterbasis 25\u202f\u00b5m + Schutzfolie<\/td><td>Polyesterbasis 25\u202f\u00b5m + Schutzfolie<\/td><\/tr><tr><td>Farbe des Gitters<\/td><td>Eloxiert oder 9002, 9010 (RAL)<\/td><td>Eloxiert oder 9002, 9010 (RAL)<\/td><td>Eloxiert oder 9002, 9010 (RAL)<\/td><td>Eloxiert oder 9002, 9010 (RAL)<\/td><td>Eloxiert oder 9002, 9010 (RAL)<\/td><\/tr><tr><td>Gewicht<\/td><td>9 kg\/ m2<\/td><td>11 kg\/m2<\/td><td>12 kg\/m2<\/td><td>14 kg\/m2<\/td><td>12 kg\/m2<\/td><\/tr><tr><td>Aufh\u00e4ngung<\/td><td>M6 verzinkte Gewindestange<\/td><td>M8 verzinkte Gewindestange<\/td><td>M8 verzinkte Gewindestange<\/td><td>M6 verzinkte Gewindestange<\/td><td>M6 verzinkte Gewindestange<\/td><\/tr><tr><td>Materialklasse<\/td><td>A2-s1,d0 (EN 13501)<\/td><td>A2-s1,d0 (EN 13501)<\/td><td>A2-s1,d0 (EN 13501)<\/td><td>A2-s1,d0 (EN 13501)<\/td><td>A2-s1,d0 (EN 13501)<\/td><\/tr><tr><td>Schallabsorption<\/td><td>35 dB(A)<\/td><td>35 dB(A)<\/td><td>35 dB(A)<\/td><td>35 dB(A)<\/td><td>35 dB(A)<\/td><\/tr><tr><td>Druck<\/td><td><img decoding=\"async\" width=\"9\" height=\"15\" src=\"\">100 Pa \u00a0<\/td><td><img decoding=\"async\" width=\"9\" height=\"15\" src=\"\">150 Pa \u00a0<\/td><td><img decoding=\"async\" width=\"9\" height=\"15\" src=\"\">100 Pa \u00a0<\/td><td><img decoding=\"async\" width=\"9\" height=\"15\" src=\"\">150 Pa \u00a0<\/td><td><img decoding=\"async\" width=\"9\" height=\"15\" src=\"\">100 Pa \u00a0<\/td><\/tr><tr><td>Begehbar<\/td><td>nicht<\/td><td>Bis 150 kg\/m2<\/td><td>nicht<\/td><td>Bis 150 kg\/m2<\/td><td>Teilweise begehbar bis 100\u202fkg\/m\u00b2 (optional)<\/td><\/tr><\/tbody><\/table><\/figure>\t\t<\/div>\n\t\t\t\t<\/div>\n\t\t\t\t\t<\/div>\n\t\t<\/div>\n\t\t\t\t\t<\/div>\n\t\t<\/section>\n\t\t\t\t<section class=\"elementor-section elementor-top-section elementor-element elementor-element-744ba7c0 elementor-section-content-middle elementor-section-boxed elementor-section-height-default elementor-section-height-default\" data-id=\"744ba7c0\" data-element_type=\"section\">\n\t\t\t\t\t\t\t<div class=\"elementor-background-overlay\"><\/div>\n\t\t\t\t\t\t\t<div class=\"elementor-container elementor-column-gap-no\">\n\t\t\t\t\t<div class=\"elementor-column elementor-col-100 elementor-top-column elementor-element elementor-element-712fe1fb\" data-id=\"712fe1fb\" data-element_type=\"column\">\n\t\t\t<div class=\"elementor-widget-wrap elementor-element-populated\">\n\t\t\t\t\t\t<div class=\"elementor-element elementor-element-2fd8e05e elementor-view-default elementor-position-top elementor-mobile-position-top elementor-widget elementor-widget-icon-box\" data-id=\"2fd8e05e\" data-element_type=\"widget\" data-widget_type=\"icon-box.default\">\n\t\t\t\t<div class=\"elementor-widget-container\">\n\t\t\t\t\t<div class=\"elementor-icon-box-wrapper\">\n\n\t\t\t\t\t\t<div class=\"elementor-icon-box-icon\">\n\t\t\t\t<span  class=\"elementor-icon elementor-animation-\">\n\t\t\t\t<i aria-hidden=\"true\" class=\"fas fa-phone-square-alt\"><\/i>\t\t\t\t<\/span>\n\t\t\t<\/div>\n\t\t\t\n\t\t\t\t\t\t<div class=\"elementor-icon-box-content\">\n\n\t\t\t\t\t\t\t\t\t<h4 class=\"elementor-icon-box-title\">\n\t\t\t\t\t\t<span  >\n\t\t\t\t\t\t\tKontaktieren Sie uns noch heute\t\t\t\t\t\t<\/span>\n\t\t\t\t\t<\/h4>\n\t\t\t\t\n\t\t\t\t\t\t\t\t\t<p class=\"elementor-icon-box-description\">\n\t\t\t\t\t\tSchlie\u00dfen Sie sich unseren zufriedenen Kunden an\t\t\t\t\t<\/p>\n\t\t\t\t\n\t\t\t<\/div>\n\t\t\t\n\t\t<\/div>\n\t\t\t\t<\/div>\n\t\t\t\t<\/div>\n\t\t\t\t<div class=\"elementor-element elementor-element-33a86b9 elementor-widget elementor-widget-text-editor\" data-id=\"33a86b9\" data-element_type=\"widget\" data-widget_type=\"text-editor.default\">\n\t\t\t\t<div class=\"elementor-widget-container\">\n\t\t\t\t\t\t\tUnser Expertenteam steht Ihnen jederzeit zur Verf\u00fcgung, um Sie bei allen Fragen oder Anliegen rund um unsere Produkte und Dienstleistungen zu unterst\u00fctzen.<br><br>Kontaktieren Sie uns noch heute und erfahren Sie, was wir f\u00fcr Sie tun k\u00f6nnen.\t\t\t\t\t\t<\/div>\n\t\t\t\t<\/div>\n\t\t\t\t<div class=\"elementor-element elementor-element-40851998 elementor-align-center elementor-widget elementor-widget-button\" data-id=\"40851998\" data-element_type=\"widget\" data-widget_type=\"button.default\">\n\t\t\t\t<div class=\"elementor-widget-container\">\n\t\t\t\t\t\t\t<div class=\"elementor-button-wrapper\">\n\t\t\t\t\t<a class=\"elementor-button elementor-button-link elementor-size-sm elementor-animation-grow\" href=\"https:\/\/cleanroom.si\/de\/ueber-das-unternehmen\/\">\n\t\t\t\t\t\t<span class=\"elementor-button-content-wrapper\">\n\t\t\t\t\t\t\t\t\t<span class=\"elementor-button-text\">KONTAKT<\/span>\n\t\t\t\t\t<\/span>\n\t\t\t\t\t<\/a>\n\t\t\t\t<\/div>\n\t\t\t\t\t\t<\/div>\n\t\t\t\t<\/div>\n\t\t\t\t\t<\/div>\n\t\t<\/div>\n\t\t\t\t\t<\/div>\n\t\t<\/section>\n\t\t\t\t<\/div>\n\t\t","protected":false},"excerpt":{"rendered":"<p>KARBA MGE REINRAUM Decken Decken Decken f\u00fcr absolute Reinheit Unsere Decken sind mehr als nur ein Teil der Struktur \u2013 sie sind ein entscheidender Bestandteil zur Gew\u00e4hrleistung von Sterilit\u00e4t und Kontrolle in Umgebungen, in denen dies von gr\u00f6\u00dfter Bedeutung ist. Gefertigt aus modularen Aluminium- oder Stahlpaneelen mit Au\u00dfenverkleidung, sind unsere Decken speziell auf die Anforderungen&#8230; <a class=\"moretag\" \n href=\"https:\/\/cleanroom.si\/de\/decken\/\">Preberite ve\u010d<\/a><\/p>\n","protected":false},"author":1,"featured_media":0,"parent":0,"menu_order":0,"comment_status":"closed","ping_status":"closed","template":"","meta":{"inline_featured_image":false,"footnotes":""},"class_list":["post-3862","page","type-page","status-publish"],"yoast_head":"<!-- This site is optimized with the Yoast SEO plugin v26.5 - https:\/\/yoast.com\/wordpress\/plugins\/seo\/ -->\n<title>Decken - Karba mge \u010disti prostori<\/title>\n<meta name=\"robots\" content=\"index, follow, max-snippet:-1, max-image-preview:large, max-video-preview:-1\" \/>\n<link rel=\"canonical\" href=\"https:\/\/cleanroom.si\/de\/decken\/\" \/>\n<meta property=\"og:locale\" content=\"de_DE\" \/>\n<meta property=\"og:type\" content=\"article\" \/>\n<meta property=\"og:title\" content=\"Decken - Karba mge \u010disti prostori\" \/>\n<meta property=\"og:description\" content=\"KARBA MGE REINRAUM Decken Decken Decken f\u00fcr absolute Reinheit Unsere Decken sind mehr als nur ein Teil der Struktur \u2013 sie sind ein entscheidender Bestandteil zur Gew\u00e4hrleistung von Sterilit\u00e4t und Kontrolle in Umgebungen, in denen dies von gr\u00f6\u00dfter Bedeutung ist. Gefertigt aus modularen Aluminium- oder Stahlpaneelen mit Au\u00dfenverkleidung, sind unsere Decken speziell auf die Anforderungen... Preberite ve\u010d\" \/>\n<meta property=\"og:url\" content=\"https:\/\/cleanroom.si\/de\/decken\/\" \/>\n<meta property=\"og:site_name\" content=\"Karba mge \u010disti prostori\" \/>\n<meta property=\"article:modified_time\" content=\"2025-05-07T09:55:41+00:00\" \/>\n<meta name=\"twitter:card\" content=\"summary_large_image\" \/>\n<meta name=\"twitter:label1\" content=\"Gesch\u00e4tzte Lesezeit\" \/>\n\t<meta name=\"twitter:data1\" content=\"3\u00a0Minuten\" \/>\n<script type=\"application\/ld+json\" class=\"yoast-schema-graph\">{\"@context\":\"https:\/\/schema.org\",\"@graph\":[{\"@type\":\"WebPage\",\"@id\":\"https:\/\/cleanroom.si\/de\/decken\/\",\"url\":\"https:\/\/cleanroom.si\/de\/decken\/\",\"name\":\"Decken - Karba mge \u010disti prostori\",\"isPartOf\":{\"@id\":\"https:\/\/cleanroom.si\/de\/#website\"},\"datePublished\":\"2023-08-09T11:42:21+00:00\",\"dateModified\":\"2025-05-07T09:55:41+00:00\",\"breadcrumb\":{\"@id\":\"https:\/\/cleanroom.si\/de\/decken\/#breadcrumb\"},\"inLanguage\":\"de\",\"potentialAction\":[{\"@type\":\"ReadAction\",\"target\":[\"https:\/\/cleanroom.si\/de\/decken\/\"]}]},{\"@type\":\"BreadcrumbList\",\"@id\":\"https:\/\/cleanroom.si\/de\/decken\/#breadcrumb\",\"itemListElement\":[{\"@type\":\"ListItem\",\"position\":1,\"name\":\"Home\",\"item\":\"https:\/\/cleanroom.si\/de\/\"},{\"@type\":\"ListItem\",\"position\":2,\"name\":\"Decken\"}]},{\"@type\":\"WebSite\",\"@id\":\"https:\/\/cleanroom.si\/de\/#website\",\"url\":\"https:\/\/cleanroom.si\/de\/\",\"name\":\"Karba mge \u010disti prostori\",\"description\":\"Va\u0161a prva izbira\",\"publisher\":{\"@id\":\"https:\/\/cleanroom.si\/de\/#organization\"},\"potentialAction\":[{\"@type\":\"SearchAction\",\"target\":{\"@type\":\"EntryPoint\",\"urlTemplate\":\"https:\/\/cleanroom.si\/de\/?s={search_term_string}\"},\"query-input\":{\"@type\":\"PropertyValueSpecification\",\"valueRequired\":true,\"valueName\":\"search_term_string\"}}],\"inLanguage\":\"de\"},{\"@type\":\"Organization\",\"@id\":\"https:\/\/cleanroom.si\/de\/#organization\",\"name\":\"Karba mge \u010disti prostori\",\"url\":\"https:\/\/cleanroom.si\/de\/\",\"logo\":{\"@type\":\"ImageObject\",\"inLanguage\":\"de\",\"@id\":\"https:\/\/cleanroom.si\/de\/#\/schema\/logo\/image\/\",\"url\":\"https:\/\/cleanroom.si\/wp-content\/uploads\/2023\/09\/Karba-mge-clean-rooms-01.svg\",\"contentUrl\":\"https:\/\/cleanroom.si\/wp-content\/uploads\/2023\/09\/Karba-mge-clean-rooms-01.svg\",\"caption\":\"Karba mge \u010disti prostori\"},\"image\":{\"@id\":\"https:\/\/cleanroom.si\/de\/#\/schema\/logo\/image\/\"}}]}<\/script>\n<!-- \/ Yoast SEO plugin. -->","yoast_head_json":{"title":"Decken - Karba mge \u010disti prostori","robots":{"index":"index","follow":"follow","max-snippet":"max-snippet:-1","max-image-preview":"max-image-preview:large","max-video-preview":"max-video-preview:-1"},"canonical":"https:\/\/cleanroom.si\/de\/decken\/","og_locale":"de_DE","og_type":"article","og_title":"Decken - Karba mge \u010disti prostori","og_description":"KARBA MGE REINRAUM Decken Decken Decken f\u00fcr absolute Reinheit Unsere Decken sind mehr als nur ein Teil der Struktur \u2013 sie sind ein entscheidender Bestandteil zur Gew\u00e4hrleistung von Sterilit\u00e4t und Kontrolle in Umgebungen, in denen dies von gr\u00f6\u00dfter Bedeutung ist. Gefertigt aus modularen Aluminium- oder Stahlpaneelen mit Au\u00dfenverkleidung, sind unsere Decken speziell auf die Anforderungen... Preberite ve\u010d","og_url":"https:\/\/cleanroom.si\/de\/decken\/","og_site_name":"Karba mge \u010disti prostori","article_modified_time":"2025-05-07T09:55:41+00:00","twitter_card":"summary_large_image","twitter_misc":{"Gesch\u00e4tzte Lesezeit":"3\u00a0Minuten"},"schema":{"@context":"https:\/\/schema.org","@graph":[{"@type":"WebPage","@id":"https:\/\/cleanroom.si\/de\/decken\/","url":"https:\/\/cleanroom.si\/de\/decken\/","name":"Decken - Karba mge \u010disti prostori","isPartOf":{"@id":"https:\/\/cleanroom.si\/de\/#website"},"datePublished":"2023-08-09T11:42:21+00:00","dateModified":"2025-05-07T09:55:41+00:00","breadcrumb":{"@id":"https:\/\/cleanroom.si\/de\/decken\/#breadcrumb"},"inLanguage":"de","potentialAction":[{"@type":"ReadAction","target":["https:\/\/cleanroom.si\/de\/decken\/"]}]},{"@type":"BreadcrumbList","@id":"https:\/\/cleanroom.si\/de\/decken\/#breadcrumb","itemListElement":[{"@type":"ListItem","position":1,"name":"Home","item":"https:\/\/cleanroom.si\/de\/"},{"@type":"ListItem","position":2,"name":"Decken"}]},{"@type":"WebSite","@id":"https:\/\/cleanroom.si\/de\/#website","url":"https:\/\/cleanroom.si\/de\/","name":"Karba mge \u010disti prostori","description":"Va\u0161a prva izbira","publisher":{"@id":"https:\/\/cleanroom.si\/de\/#organization"},"potentialAction":[{"@type":"SearchAction","target":{"@type":"EntryPoint","urlTemplate":"https:\/\/cleanroom.si\/de\/?s={search_term_string}"},"query-input":{"@type":"PropertyValueSpecification","valueRequired":true,"valueName":"search_term_string"}}],"inLanguage":"de"},{"@type":"Organization","@id":"https:\/\/cleanroom.si\/de\/#organization","name":"Karba mge \u010disti prostori","url":"https:\/\/cleanroom.si\/de\/","logo":{"@type":"ImageObject","inLanguage":"de","@id":"https:\/\/cleanroom.si\/de\/#\/schema\/logo\/image\/","url":"https:\/\/cleanroom.si\/wp-content\/uploads\/2023\/09\/Karba-mge-clean-rooms-01.svg","contentUrl":"https:\/\/cleanroom.si\/wp-content\/uploads\/2023\/09\/Karba-mge-clean-rooms-01.svg","caption":"Karba mge \u010disti prostori"},"image":{"@id":"https:\/\/cleanroom.si\/de\/#\/schema\/logo\/image\/"}}]}},"_links":{"self":[{"href":"https:\/\/cleanroom.si\/de\/wp-json\/wp\/v2\/pages\/3862","targetHints":{"allow":["GET"]}}],"collection":[{"href":"https:\/\/cleanroom.si\/de\/wp-json\/wp\/v2\/pages"}],"about":[{"href":"https:\/\/cleanroom.si\/de\/wp-json\/wp\/v2\/types\/page"}],"author":[{"embeddable":true,"href":"https:\/\/cleanroom.si\/de\/wp-json\/wp\/v2\/users\/1"}],"replies":[{"embeddable":true,"href":"https:\/\/cleanroom.si\/de\/wp-json\/wp\/v2\/comments?post=3862"}],"version-history":[{"count":13,"href":"https:\/\/cleanroom.si\/de\/wp-json\/wp\/v2\/pages\/3862\/revisions"}],"predecessor-version":[{"id":3876,"href":"https:\/\/cleanroom.si\/de\/wp-json\/wp\/v2\/pages\/3862\/revisions\/3876"}],"wp:attachment":[{"href":"https:\/\/cleanroom.si\/de\/wp-json\/wp\/v2\/media?parent=3862"}],"curies":[{"name":"wp","href":"https:\/\/api.w.org\/{rel}","templated":true}]}}